{"id":108,"date":"2024-03-04T10:57:41","date_gmt":"2024-03-04T10:57:41","guid":{"rendered":"https:\/\/stage.shop-it.at\/?page_id=108"},"modified":"2025-10-21T17:33:35","modified_gmt":"2025-10-21T15:33:35","slug":"info","status":"publish","type":"page","link":"https:\/\/www.regionalis.shop\/clarissas-unikate\/info\/","title":{"rendered":"Info"},"content":{"rendered":"<section>\n            <p>Sie suchen ein pers\u00f6nliches, individuell gestaltetes Geschenk &#8211; eine Filztasche, ein Dekoset oder etwas ganz Spezielles?<br \/>\nSie sind auf der Suche nach passenden Einladungen f\u00fcr Taufe oder Erstkommunion, der Tischdeko oder Gastgeschenken?<br \/>\nEin Geschenk zur Geburt, zur Hochzeit oder ein personalisiertes Kleidungsst\u00fcck f\u00fcr die eigene Familie oder f\u00fcr die Mitarbeiter Ihrer Firma?<br \/>\nSie w\u00fcnschen sich eine individuelle Kerze f\u00fcr Hochzeit oder einen pl\u00f6tzlich aufgetretenen Trauerfall?<br \/>\nVatertag, Muttertag, Ostern oder Weihnachten stehen vor der T\u00fcr und man m\u00f6chte nicht mit leeren H\u00e4nden da stehen?<\/p>\n<p>Dann sind Sie bei mir genau richtig!<\/p>\n<p>Mein Name ist Tanja und ich komme aus dem wundersch\u00f6nen Murtal. Ich lebe in Farrach\/Zeltweg und Kreativit\u00e4t begleitet mich eigentlich seit klein auf. Schon als Kind habe ich es geliebt, mit verschiedenen Materialien zu basteln und es gab f\u00fcr mich nichts Sch\u00f6neres.<br \/>\nJe \u00e4lter ich werde, desto mehr ist das Umsetzen von Ideen und Handarbeit mein Anker und Ausgleich im Alltag. Das Erschaffen von kleinen Kunstwerken und das Gef\u00fchl das dabei entsteht ist einfach unbeschreiblich und die vielen positiven R\u00fcckmeldungen einfach nur Balsam f\u00fcr die Seele und eine Best\u00e4tigung f\u00fcr meinen Weg.<br \/>\nIch liebe Upcycling, bearbeite meine Herzenswerke mit Plotter, Laser usw. und benutze verschiedenste Materialien wie Holz, Raysin, Stoffe, Folien etc.<\/p>\n<p>Aufgrund der Vielzahl an positivem Feedback habe ich mir im Mai 2022 endlich meinen Traum erf\u00fcllt und mein kleines Gewerbe &#8222;Clarissas Unikate&#8220; angemeldet. So kann ich meinen Ideen und Umsetzungen freien Lauf lassen und viele einzigartige W\u00fcnsche und Auftr\u00e4ge meiner lieben Kundinnen und Kunden umsetzen.<\/p>\n\n    <\/section>\n\n\n<p><\/p>\n","protected":false},"excerpt":{"rendered":"","protected":false},"author":1,"featured_media":0,"parent":0,"menu_order":0,"comment_status":"closed","ping_status":"closed","template":"","meta":{"_acf_changed":false,"footnotes":""},"class_list":["post-108","page","type-page","status-publish","hentry"],"acf":[],"_links":{"self":[{"href":"https:\/\/www.regionalis.shop\/clarissas-unikate\/wp-json\/wp\/v2\/pages\/108","targetHints":{"allow":["GET"]}}],"collection":[{"href":"https:\/\/www.regionalis.shop\/clarissas-unikate\/wp-json\/wp\/v2\/pages"}],"about":[{"href":"https:\/\/www.regionalis.shop\/clarissas-unikate\/wp-json\/wp\/v2\/types\/page"}],"author":[{"embeddable":true,"href":"https:\/\/www.regionalis.shop\/clarissas-unikate\/wp-json\/wp\/v2\/users\/1"}],"replies":[{"embeddable":true,"href":"https:\/\/www.regionalis.shop\/clarissas-unikate\/wp-json\/wp\/v2\/comments?post=108"}],"version-history":[{"count":39,"href":"https:\/\/www.regionalis.shop\/clarissas-unikate\/wp-json\/wp\/v2\/pages\/108\/revisions"}],"predecessor-version":[{"id":1028,"href":"https:\/\/www.regionalis.shop\/clarissas-unikate\/wp-json\/wp\/v2\/pages\/108\/revisions\/1028"}],"wp:attachment":[{"href":"https:\/\/www.regionalis.shop\/clarissas-unikate\/wp-json\/wp\/v2\/media?parent=108"}],"curies":[{"name":"wp","href":"https:\/\/api.w.org\/{rel}","templated":true}]}}