{"id":1051,"date":"2025-04-18T09:41:22","date_gmt":"2025-04-18T07:41:22","guid":{"rendered":"https:\/\/www.regionalis.shop\/clarissas-unikate\/product\/du-und-ich-geschenksset-valentinstag\/"},"modified":"2025-04-18T09:41:22","modified_gmt":"2025-04-18T07:41:22","slug":"du-und-ich-geschenksset-valentinstag","status":"publish","type":"product","link":"https:\/\/www.regionalis.shop\/clarissas-unikate\/shop\/du-und-ich-geschenksset-valentinstag\/","title":{"rendered":"Du und ich Geschenksset Valentinstag"},"content":{"rendered":"<p>Perfektes Partner-Geschenksset f\u00fcr den Valentinstag &#8211;<br \/>\nbestehend aus einer bedruckten Kaffeetasse mit violettem Rand und dem dazupassenden Herz-Schl\u00fcsselanh\u00e4nger f\u00fcr die Frau und einem Schl\u00fcsselgeldtascherl f\u00fcr den Herrn!<\/p>\n","protected":false},"excerpt":{"rendered":"<p>Perfektes Partner-Geschenksset f\u00fcr den Valentinstag &#8211; bestehend aus einer bedruckten Kaffeetasse mit violettem Rand und dem dazupassenden Herz-Schl\u00fcsselanh\u00e4nger f\u00fcr die Frau und einem Schl\u00fcsselgeldtascherl f\u00fcr den Herrn!<\/p>\n","protected":false},"featured_media":1052,"template":"","meta":{"_acf_changed":false},"product_brand":[],"product_cat":[162,83],"product_tag":[],"class_list":{"0":"post-1051","1":"product","2":"type-product","3":"status-publish","4":"has-post-thumbnail","6":"product_cat-null","7":"product_cat-sonstiges","9":"first","10":"instock","11":"purchasable","12":"product-type-simple"},"acf":[],"_links":{"self":[{"href":"https:\/\/www.regionalis.shop\/clarissas-unikate\/wp-json\/wp\/v2\/product\/1051","targetHints":{"allow":["GET"]}}],"collection":[{"href":"https:\/\/www.regionalis.shop\/clarissas-unikate\/wp-json\/wp\/v2\/product"}],"about":[{"href":"https:\/\/www.regionalis.shop\/clarissas-unikate\/wp-json\/wp\/v2\/types\/product"}],"wp:featuredmedia":[{"embeddable":true,"href":"https:\/\/www.regionalis.shop\/clarissas-unikate\/wp-json\/wp\/v2\/media\/1052"}],"wp:attachment":[{"href":"https:\/\/www.regionalis.shop\/clarissas-unikate\/wp-json\/wp\/v2\/media?parent=1051"}],"wp:term":[{"taxonomy":"product_brand","embeddable":true,"href":"https:\/\/www.regionalis.shop\/clarissas-unikate\/wp-json\/wp\/v2\/product_brand?post=1051"},{"taxonomy":"product_cat","embeddable":true,"href":"https:\/\/www.regionalis.shop\/clarissas-unikate\/wp-json\/wp\/v2\/product_cat?post=1051"},{"taxonomy":"product_tag","embeddable":true,"href":"https:\/\/www.regionalis.shop\/clarissas-unikate\/wp-json\/wp\/v2\/product_tag?post=1051"}],"curies":[{"name":"wp","href":"https:\/\/api.w.org\/{rel}","templated":true}]}}