{"id":1055,"date":"2025-04-18T09:41:22","date_gmt":"2025-04-18T07:41:22","guid":{"rendered":"https:\/\/www.regionalis.shop\/clarissas-unikate\/product\/mutter-kind-pass-huelle-junge\/"},"modified":"2025-04-18T09:41:22","modified_gmt":"2025-04-18T07:41:22","slug":"mutter-kind-pass-huelle-junge","status":"publish","type":"product","link":"https:\/\/www.regionalis.shop\/clarissas-unikate\/shop\/mutter-kind-pass-huelle-junge\/","title":{"rendered":"Mutter-Kind-Pass H\u00fclle Junge"},"content":{"rendered":"<p>Personalisierbare Mutter Kind Pass-H\u00fclle f\u00fcr eine Jungenmama<br \/>\n&#8211; Perfekt f\u00fcr den \u00f6sterreichischen Mutter-Kind-Pass<br \/>\n&#8211; Mit Fach f\u00fcr die E-Card<br \/>\n&#8211; Kann noch personalisiert werden &#8211; mit Namen und Geburtsdaten oder eigenen<br \/>\n  Ideen (2,00 EUR Aufpreis) &#8211; bitte bei der Bestellung bekanntgeben<\/p>\n<p>Material: Filz beplottet<\/p>\n","protected":false},"excerpt":{"rendered":"<p>Personalisierbare Mutter Kind Pass-H\u00fclle f\u00fcr eine Jungenmama &#8211; Perfekt f\u00fcr den \u00f6sterreichischen Mutter-Kind-Pass &#8211; Mit Fach f\u00fcr die E-Card &#8211; Kann noch personalisiert werden &#8211; mit Namen und Geburtsdaten oder eigenen Ideen (2,00 EUR Aufpreis) &#8211; bitte bei der Bestellung bekanntgeben Material: Filz beplottet<\/p>\n","protected":false},"featured_media":1056,"template":"","meta":{"_acf_changed":false},"product_brand":[],"product_cat":[107,38],"product_tag":[],"class_list":{"0":"post-1055","1":"product","2":"type-product","3":"status-publish","4":"has-post-thumbnail","6":"product_cat-accessoires-baby-kinder","7":"product_cat-baby-kinder","9":"first","10":"instock","11":"purchasable","12":"product-type-simple"},"acf":[],"_links":{"self":[{"href":"https:\/\/www.regionalis.shop\/clarissas-unikate\/wp-json\/wp\/v2\/product\/1055","targetHints":{"allow":["GET"]}}],"collection":[{"href":"https:\/\/www.regionalis.shop\/clarissas-unikate\/wp-json\/wp\/v2\/product"}],"about":[{"href":"https:\/\/www.regionalis.shop\/clarissas-unikate\/wp-json\/wp\/v2\/types\/product"}],"wp:featuredmedia":[{"embeddable":true,"href":"https:\/\/www.regionalis.shop\/clarissas-unikate\/wp-json\/wp\/v2\/media\/1056"}],"wp:attachment":[{"href":"https:\/\/www.regionalis.shop\/clarissas-unikate\/wp-json\/wp\/v2\/media?parent=1055"}],"wp:term":[{"taxonomy":"product_brand","embeddable":true,"href":"https:\/\/www.regionalis.shop\/clarissas-unikate\/wp-json\/wp\/v2\/product_brand?post=1055"},{"taxonomy":"product_cat","embeddable":true,"href":"https:\/\/www.regionalis.shop\/clarissas-unikate\/wp-json\/wp\/v2\/product_cat?post=1055"},{"taxonomy":"product_tag","embeddable":true,"href":"https:\/\/www.regionalis.shop\/clarissas-unikate\/wp-json\/wp\/v2\/product_tag?post=1055"}],"curies":[{"name":"wp","href":"https:\/\/api.w.org\/{rel}","templated":true}]}}