{"id":1057,"date":"2025-04-18T09:36:35","date_gmt":"2025-04-18T07:36:35","guid":{"rendered":"https:\/\/www.regionalis.shop\/clarissas-unikate\/product\/personalisierte-tassen-ostertassen\/"},"modified":"2025-04-18T09:36:35","modified_gmt":"2025-04-18T07:36:35","slug":"personalisierte-tassen-ostertassen","status":"publish","type":"product","link":"https:\/\/www.regionalis.shop\/clarissas-unikate\/shop\/personalisierte-tassen-ostertassen\/","title":{"rendered":"Personalisierte Tassen &#8211; Ostertassen"},"content":{"rendered":"<p>Wie schnell geht\u00b4s, und der Osterhase hoppelt ums Eck!<\/p>\n<p>Jetzt schon f\u00fcr Ostern vorsorgen &#8211; bedruckte Tassen mit Osterhasen lt. Foto oder einem pers\u00f6nlichen Wunschmotiv &#8211; es ist vieles m\u00f6glich!<\/p>\n<p>Verschiedene Tassenfarben m\u00f6glich \/ geeignet f\u00fcr den Geschirrsp\u00fcler<\/p>\n","protected":false},"excerpt":{"rendered":"<p>Wie schnell geht\u00b4s, und der Osterhase hoppelt ums Eck! Jetzt schon f\u00fcr Ostern vorsorgen &#8211; bedruckte Tassen mit Osterhasen lt. Foto oder einem pers\u00f6nlichen Wunschmotiv &#8211; es ist vieles m\u00f6glich! Verschiedene Tassenfarben m\u00f6glich \/ geeignet f\u00fcr den Geschirrsp\u00fcler<\/p>\n","protected":false},"featured_media":1058,"template":"","meta":{"_acf_changed":false},"product_brand":[],"product_cat":[127,103],"product_tag":[],"class_list":{"0":"post-1057","1":"product","2":"type-product","3":"status-publish","4":"has-post-thumbnail","6":"product_cat-essen-trinken","7":"product_cat-wohnen-deko","9":"first","10":"instock","11":"purchasable","12":"product-type-simple"},"acf":[],"_links":{"self":[{"href":"https:\/\/www.regionalis.shop\/clarissas-unikate\/wp-json\/wp\/v2\/product\/1057","targetHints":{"allow":["GET"]}}],"collection":[{"href":"https:\/\/www.regionalis.shop\/clarissas-unikate\/wp-json\/wp\/v2\/product"}],"about":[{"href":"https:\/\/www.regionalis.shop\/clarissas-unikate\/wp-json\/wp\/v2\/types\/product"}],"wp:featuredmedia":[{"embeddable":true,"href":"https:\/\/www.regionalis.shop\/clarissas-unikate\/wp-json\/wp\/v2\/media\/1058"}],"wp:attachment":[{"href":"https:\/\/www.regionalis.shop\/clarissas-unikate\/wp-json\/wp\/v2\/media?parent=1057"}],"wp:term":[{"taxonomy":"product_brand","embeddable":true,"href":"https:\/\/www.regionalis.shop\/clarissas-unikate\/wp-json\/wp\/v2\/product_brand?post=1057"},{"taxonomy":"product_cat","embeddable":true,"href":"https:\/\/www.regionalis.shop\/clarissas-unikate\/wp-json\/wp\/v2\/product_cat?post=1057"},{"taxonomy":"product_tag","embeddable":true,"href":"https:\/\/www.regionalis.shop\/clarissas-unikate\/wp-json\/wp\/v2\/product_tag?post=1057"}],"curies":[{"name":"wp","href":"https:\/\/api.w.org\/{rel}","templated":true}]}}