{"id":1059,"date":"2025-04-18T09:36:35","date_gmt":"2025-04-18T07:36:35","guid":{"rendered":"https:\/\/www.regionalis.shop\/clarissas-unikate\/product\/osterkoerbchen-5\/"},"modified":"2025-04-18T09:36:35","modified_gmt":"2025-04-18T07:36:35","slug":"osterkoerbchen-5","status":"publish","type":"product","link":"https:\/\/www.regionalis.shop\/clarissas-unikate\/shop\/osterkoerbchen-5\/","title":{"rendered":"Osterk\u00f6rbchen"},"content":{"rendered":"<p>Personalisiertes Osterk\u00f6rbchen aus Weide &#8211; mit gelasertem Namens-Ei-Anh\u00e4nger oder einem Hasen-Ei-Anh\u00e4nger.<\/p>\n<p>K\u00f6rbchengr\u00f6\u00dfe 16 x 22 x 12 cm<\/p>\n<p>Nat\u00fcrlich f\u00fcr M\u00e4dchen oder Jungs<\/p>\n<p>In limitierter St\u00fcckzahl &#8211; schnell sein lohnt sich also!<\/p>\n","protected":false},"excerpt":{"rendered":"<p>Personalisiertes Osterk\u00f6rbchen aus Weide &#8211; mit gelasertem Namens-Ei-Anh\u00e4nger oder einem Hasen-Ei-Anh\u00e4nger. K\u00f6rbchengr\u00f6\u00dfe 16 x 22 x 12 cm Nat\u00fcrlich f\u00fcr M\u00e4dchen oder Jungs In limitierter St\u00fcckzahl &#8211; schnell sein lohnt sich also!<\/p>\n","protected":false},"featured_media":1060,"template":"","meta":{"_acf_changed":false},"product_brand":[],"product_cat":[38,96],"product_tag":[],"class_list":{"0":"post-1059","1":"product","2":"type-product","3":"status-publish","4":"has-post-thumbnail","6":"product_cat-baby-kinder","7":"product_cat-taschen-baby-kinder","9":"first","10":"instock","11":"purchasable","12":"product-type-simple"},"acf":[],"_links":{"self":[{"href":"https:\/\/www.regionalis.shop\/clarissas-unikate\/wp-json\/wp\/v2\/product\/1059","targetHints":{"allow":["GET"]}}],"collection":[{"href":"https:\/\/www.regionalis.shop\/clarissas-unikate\/wp-json\/wp\/v2\/product"}],"about":[{"href":"https:\/\/www.regionalis.shop\/clarissas-unikate\/wp-json\/wp\/v2\/types\/product"}],"wp:featuredmedia":[{"embeddable":true,"href":"https:\/\/www.regionalis.shop\/clarissas-unikate\/wp-json\/wp\/v2\/media\/1060"}],"wp:attachment":[{"href":"https:\/\/www.regionalis.shop\/clarissas-unikate\/wp-json\/wp\/v2\/media?parent=1059"}],"wp:term":[{"taxonomy":"product_brand","embeddable":true,"href":"https:\/\/www.regionalis.shop\/clarissas-unikate\/wp-json\/wp\/v2\/product_brand?post=1059"},{"taxonomy":"product_cat","embeddable":true,"href":"https:\/\/www.regionalis.shop\/clarissas-unikate\/wp-json\/wp\/v2\/product_cat?post=1059"},{"taxonomy":"product_tag","embeddable":true,"href":"https:\/\/www.regionalis.shop\/clarissas-unikate\/wp-json\/wp\/v2\/product_tag?post=1059"}],"curies":[{"name":"wp","href":"https:\/\/api.w.org\/{rel}","templated":true}]}}