{"id":862,"date":"2025-05-24T13:44:06","date_gmt":"2025-05-24T11:44:06","guid":{"rendered":"https:\/\/starter.stage.shop-it.at\/?page_id=862"},"modified":"2025-10-23T15:21:37","modified_gmt":"2025-10-23T13:21:37","slug":"startseite","status":"publish","type":"page","link":"https:\/\/www.regionalis.shop\/crochettie\/","title":{"rendered":"Startseite"},"content":{"rendered":"<section>\n    <div class=\"header-title\">\n        <h1 class=\"h2\">Willkommen bei Crochettie<\/h1>\n    <\/div>\n            <h2 class=\"h3\">Handgemacht in Hausleiten<\/h2>\n                <p>Crochettie steht f\u00fcr handgefertigte Wohnaccessoires. <\/p>\n<p>Dabei achte ich besonders auf die Qualit\u00e4t der Materialien und so wird jedes Produkt von mir selbst per Hand hergestellt.<br \/>\nDas Garn und die Wolle f\u00fcr meine Werkst\u00fccke sind mir besonders wichtig, dabei achte ich vor allem auf nachhaltige Rohstoffe.<\/p>\n<p>Gerne fertige ich auch St\u00fccke auf Kundenwunsch an. Cronchettie steht nicht f\u00fcr Massenproduktion, sondern f\u00fcr individuelle Anfertigungen.<\/p>\n\n    \n    <h3>Produkte<\/h3>\n\n    <div class=\"woocommerce columns-3 \"><ul class=\"products columns-3\">\n<li class=\"product type-product post-1051 status-publish first instock product_cat-wohndekoration product_cat-wohnen-deko has-post-thumbnail purchasable product-type-simple\">\n\t<a href=\"https:\/\/www.regionalis.shop\/crochettie\/shop\/korb-mit-henkel\/\" class=\"woocommerce-LoopProduct-link woocommerce-loop-product__link\"><div class=\"wc-block-grid__product-image\"><img loading=\"lazy\" decoding=\"async\" width=\"420\" height=\"420\" src=\"https:\/\/www.regionalis.shop\/app\/uploads\/sites\/112\/5673_2022_04_10_09_20_02_347629044.jpg\" class=\"attachment-large size-large\" alt=\"Korb mit Henkel\" srcset=\"https:\/\/www.regionalis.shop\/app\/uploads\/sites\/112\/5673_2022_04_10_09_20_02_347629044.jpg 420w, https:\/\/www.regionalis.shop\/app\/uploads\/sites\/112\/5673_2022_04_10_09_20_02_347629044-300x300.jpg 300w, https:\/\/www.regionalis.shop\/app\/uploads\/sites\/112\/5673_2022_04_10_09_20_02_347629044-150x150.jpg 150w, https:\/\/www.regionalis.shop\/app\/uploads\/sites\/112\/5673_2022_04_10_09_20_02_347629044-100x100.jpg 100w\" sizes=\"auto, (max-width: 420px) 100vw, 420px\" \/><\/div><h2 class=\"woocommerce-loop-product__title\">Korb mit Henkel<\/h2>\n\t<span class=\"price\"><span class=\"woocommerce-Price-amount amount\"><bdi>28,00&nbsp;<span class=\"woocommerce-Price-currencySymbol\">&euro;<\/span><\/bdi><\/span><\/span>\n<\/a><\/li>\n<li class=\"product type-product post-1057 status-publish instock product_cat-wohndekoration product_cat-wohnen-deko has-post-thumbnail purchasable product-type-simple\">\n\t<a href=\"https:\/\/www.regionalis.shop\/crochettie\/shop\/wandbehang-palas\/\" class=\"woocommerce-LoopProduct-link woocommerce-loop-product__link\"><div class=\"wc-block-grid__product-image\"><img loading=\"lazy\" decoding=\"async\" width=\"420\" height=\"420\" src=\"https:\/\/www.regionalis.shop\/app\/uploads\/sites\/112\/5673_2022_04_06_14_12_34_940312265.jpg\" class=\"attachment-large size-large\" alt=\"Wandbehang Palas\" srcset=\"https:\/\/www.regionalis.shop\/app\/uploads\/sites\/112\/5673_2022_04_06_14_12_34_940312265.jpg 420w, https:\/\/www.regionalis.shop\/app\/uploads\/sites\/112\/5673_2022_04_06_14_12_34_940312265-300x300.jpg 300w, https:\/\/www.regionalis.shop\/app\/uploads\/sites\/112\/5673_2022_04_06_14_12_34_940312265-150x150.jpg 150w, https:\/\/www.regionalis.shop\/app\/uploads\/sites\/112\/5673_2022_04_06_14_12_34_940312265-100x100.jpg 100w\" sizes=\"auto, (max-width: 420px) 100vw, 420px\" \/><\/div><h2 class=\"woocommerce-loop-product__title\">Wandbehang Palas<\/h2>\n\t<span class=\"price\"><span class=\"woocommerce-Price-amount amount\"><bdi>30,00&nbsp;<span class=\"woocommerce-Price-currencySymbol\">&euro;<\/span><\/bdi><\/span><\/span>\n<\/a><\/li>\n<li class=\"product type-product post-1055 status-publish last instock product_cat-wohndekoration product_cat-wohnen-deko has-post-thumbnail purchasable product-type-simple\">\n\t<a href=\"https:\/\/www.regionalis.shop\/crochettie\/shop\/wandbehang-kilse\/\" class=\"woocommerce-LoopProduct-link woocommerce-loop-product__link\"><div class=\"wc-block-grid__product-image\"><img loading=\"lazy\" decoding=\"async\" width=\"420\" height=\"420\" src=\"https:\/\/www.regionalis.shop\/app\/uploads\/sites\/112\/5673_2022_04_06_14_08_29_602693782.jpg\" class=\"attachment-large size-large\" alt=\"Wandbehang Kilse\" srcset=\"https:\/\/www.regionalis.shop\/app\/uploads\/sites\/112\/5673_2022_04_06_14_08_29_602693782.jpg 420w, https:\/\/www.regionalis.shop\/app\/uploads\/sites\/112\/5673_2022_04_06_14_08_29_602693782-300x300.jpg 300w, https:\/\/www.regionalis.shop\/app\/uploads\/sites\/112\/5673_2022_04_06_14_08_29_602693782-150x150.jpg 150w, https:\/\/www.regionalis.shop\/app\/uploads\/sites\/112\/5673_2022_04_06_14_08_29_602693782-100x100.jpg 100w\" sizes=\"auto, (max-width: 420px) 100vw, 420px\" \/><\/div><h2 class=\"woocommerce-loop-product__title\">Wandbehang Kilse<\/h2>\n\t<span class=\"price\"><span class=\"woocommerce-Price-amount amount\"><bdi>25,00&nbsp;<span class=\"woocommerce-Price-currencySymbol\">&euro;<\/span><\/bdi><\/span><\/span>\n<\/a><\/li>\n<\/ul>\n<\/div>\n    <p>\n        <a href=\"https:\/\/www.regionalis.shop\/crochettie\/shop\/\" class=\"btn btn-primary btn-icon-right\">\n            Alle Produkte <i class=\"bi bi-arrow-right-short\"><\/i>\n        <\/a>\n    <\/p>\n<\/section>\n\n<div data-block-name=\"woocommerce\/store-notices\" class=\"wc-block-store-notices woocommerce alignwide alignwide wp-block-woocommerce-store-notices\"><div class=\"woocommerce-notices-wrapper\"><\/div><\/div>","protected":false},"excerpt":{"rendered":"","protected":false},"author":1,"featured_media":0,"parent":0,"menu_order":0,"comment_status":"closed","ping_status":"closed","template":"template-home.blade.php","meta":{"_acf_changed":false,"footnotes":""},"class_list":["post-862","page","type-page","status-publish","hentry"],"acf":[],"_links":{"self":[{"href":"https:\/\/www.regionalis.shop\/crochettie\/wp-json\/wp\/v2\/pages\/862","targetHints":{"allow":["GET"]}}],"collection":[{"href":"https:\/\/www.regionalis.shop\/crochettie\/wp-json\/wp\/v2\/pages"}],"about":[{"href":"https:\/\/www.regionalis.shop\/crochettie\/wp-json\/wp\/v2\/types\/page"}],"author":[{"embeddable":true,"href":"https:\/\/www.regionalis.shop\/crochettie\/wp-json\/wp\/v2\/users\/1"}],"replies":[{"embeddable":true,"href":"https:\/\/www.regionalis.shop\/crochettie\/wp-json\/wp\/v2\/comments?post=862"}],"version-history":[{"count":28,"href":"https:\/\/www.regionalis.shop\/crochettie\/wp-json\/wp\/v2\/pages\/862\/revisions"}],"predecessor-version":[{"id":1041,"href":"https:\/\/www.regionalis.shop\/crochettie\/wp-json\/wp\/v2\/pages\/862\/revisions\/1041"}],"wp:attachment":[{"href":"https:\/\/www.regionalis.shop\/crochettie\/wp-json\/wp\/v2\/media?parent=862"}],"curies":[{"name":"wp","href":"https:\/\/api.w.org\/{rel}","templated":true}]}}