{"id":1053,"date":"2025-04-18T06:46:00","date_gmt":"2025-04-18T04:46:00","guid":{"rendered":"https:\/\/www.regionalis.shop\/crochettie\/product\/korb-klein\/"},"modified":"2025-04-18T06:46:00","modified_gmt":"2025-04-18T04:46:00","slug":"korb-klein","status":"publish","type":"product","link":"https:\/\/www.regionalis.shop\/crochettie\/shop\/korb-klein\/","title":{"rendered":"Korb klein"},"content":{"rendered":"<p>Deko-Korb wei\u00df mit B\u00fcschelmaschen <\/p>\n<p>handgefertigt mit viel Liebe aus 100% recycelten Baumwollgarn.<br \/>\nPraktische Aufbewahrungsm\u00f6glichkeit, als Dekorationselement oder als Geschenksm\u00f6glichkeit.<\/p>\n<p>Durchmesser 15 cm<br \/>\nH\u00f6he 10 cm<br \/>\nBoden aus Holz f\u00fcr bessere Standfestigkeit<\/p>\n","protected":false},"excerpt":{"rendered":"<p>Deko-Korb wei\u00df mit B\u00fcschelmaschen handgefertigt mit viel Liebe aus 100% recycelten Baumwollgarn. Praktische Aufbewahrungsm\u00f6glichkeit, als Dekorationselement oder als Geschenksm\u00f6glichkeit. Durchmesser 15 cm H\u00f6he 10 cm Boden aus Holz f\u00fcr bessere Standfestigkeit<\/p>\n","protected":false},"featured_media":1054,"template":"","meta":{"_acf_changed":false},"product_brand":[],"product_cat":[174,103],"product_tag":[],"class_list":{"0":"post-1053","1":"product","2":"type-product","3":"status-publish","4":"has-post-thumbnail","6":"product_cat-wohndekoration","7":"product_cat-wohnen-deko","9":"first","10":"instock","11":"purchasable","12":"product-type-simple"},"acf":[],"_links":{"self":[{"href":"https:\/\/www.regionalis.shop\/crochettie\/wp-json\/wp\/v2\/product\/1053","targetHints":{"allow":["GET"]}}],"collection":[{"href":"https:\/\/www.regionalis.shop\/crochettie\/wp-json\/wp\/v2\/product"}],"about":[{"href":"https:\/\/www.regionalis.shop\/crochettie\/wp-json\/wp\/v2\/types\/product"}],"wp:featuredmedia":[{"embeddable":true,"href":"https:\/\/www.regionalis.shop\/crochettie\/wp-json\/wp\/v2\/media\/1054"}],"wp:attachment":[{"href":"https:\/\/www.regionalis.shop\/crochettie\/wp-json\/wp\/v2\/media?parent=1053"}],"wp:term":[{"taxonomy":"product_brand","embeddable":true,"href":"https:\/\/www.regionalis.shop\/crochettie\/wp-json\/wp\/v2\/product_brand?post=1053"},{"taxonomy":"product_cat","embeddable":true,"href":"https:\/\/www.regionalis.shop\/crochettie\/wp-json\/wp\/v2\/product_cat?post=1053"},{"taxonomy":"product_tag","embeddable":true,"href":"https:\/\/www.regionalis.shop\/crochettie\/wp-json\/wp\/v2\/product_tag?post=1053"}],"curies":[{"name":"wp","href":"https:\/\/api.w.org\/{rel}","templated":true}]}}