{"id":1055,"date":"2025-04-18T06:46:00","date_gmt":"2025-04-18T04:46:00","guid":{"rendered":"https:\/\/www.regionalis.shop\/crochettie\/product\/wandbehang-kilse\/"},"modified":"2025-04-18T06:46:00","modified_gmt":"2025-04-18T04:46:00","slug":"wandbehang-kilse","status":"publish","type":"product","link":"https:\/\/www.regionalis.shop\/crochettie\/shop\/wandbehang-kilse\/","title":{"rendered":"Wandbehang Kilse"},"content":{"rendered":"<p>geknn\u00fcpfter Wandbehang Kilse olivgr\u00fcn in Makramee Stil<\/p>\n<p>Mit viel Liebe aus  aus 100% recycelten Baumwollgarn gefertigt. Aufgekn\u00fcpft auf einem Kupferrohr mit einer L\u00e4nge von 58 cm.<\/p>\n<p>Wundersch\u00f6nes Einzelst\u00fcck, welches in verschiedenen Wohnbereichen aufgeh\u00e4ngt werden kann.<\/p>\n","protected":false},"excerpt":{"rendered":"<p>geknn\u00fcpfter Wandbehang Kilse olivgr\u00fcn in Makramee Stil Mit viel Liebe aus aus 100% recycelten Baumwollgarn gefertigt. Aufgekn\u00fcpft auf einem Kupferrohr mit einer L\u00e4nge von 58 cm. Wundersch\u00f6nes Einzelst\u00fcck, welches in verschiedenen Wohnbereichen aufgeh\u00e4ngt werden kann.<\/p>\n","protected":false},"featured_media":1056,"template":"","meta":{"_acf_changed":false},"product_brand":[],"product_cat":[174,103],"product_tag":[],"class_list":{"0":"post-1055","1":"product","2":"type-product","3":"status-publish","4":"has-post-thumbnail","6":"product_cat-wohndekoration","7":"product_cat-wohnen-deko","9":"first","10":"instock","11":"purchasable","12":"product-type-simple"},"acf":[],"_links":{"self":[{"href":"https:\/\/www.regionalis.shop\/crochettie\/wp-json\/wp\/v2\/product\/1055","targetHints":{"allow":["GET"]}}],"collection":[{"href":"https:\/\/www.regionalis.shop\/crochettie\/wp-json\/wp\/v2\/product"}],"about":[{"href":"https:\/\/www.regionalis.shop\/crochettie\/wp-json\/wp\/v2\/types\/product"}],"wp:featuredmedia":[{"embeddable":true,"href":"https:\/\/www.regionalis.shop\/crochettie\/wp-json\/wp\/v2\/media\/1056"}],"wp:attachment":[{"href":"https:\/\/www.regionalis.shop\/crochettie\/wp-json\/wp\/v2\/media?parent=1055"}],"wp:term":[{"taxonomy":"product_brand","embeddable":true,"href":"https:\/\/www.regionalis.shop\/crochettie\/wp-json\/wp\/v2\/product_brand?post=1055"},{"taxonomy":"product_cat","embeddable":true,"href":"https:\/\/www.regionalis.shop\/crochettie\/wp-json\/wp\/v2\/product_cat?post=1055"},{"taxonomy":"product_tag","embeddable":true,"href":"https:\/\/www.regionalis.shop\/crochettie\/wp-json\/wp\/v2\/product_tag?post=1055"}],"curies":[{"name":"wp","href":"https:\/\/api.w.org\/{rel}","templated":true}]}}