{"id":1057,"date":"2025-04-18T06:46:00","date_gmt":"2025-04-18T04:46:00","guid":{"rendered":"https:\/\/www.regionalis.shop\/crochettie\/product\/wandbehang-palas\/"},"modified":"2025-04-18T06:46:00","modified_gmt":"2025-04-18T04:46:00","slug":"wandbehang-palas","status":"publish","type":"product","link":"https:\/\/www.regionalis.shop\/crochettie\/shop\/wandbehang-palas\/","title":{"rendered":"Wandbehang Palas"},"content":{"rendered":"<p>geknn\u00fcpfter Blumen &#8211; Wandbehang Palas natur in Makramee Stil<\/p>\n<p>Mit viel Liebe aus  aus 100% recycelten Baumwollgarn gefertigt. Aufgekn\u00fcpft auf einem Holzstab mit einer L\u00e4nge von 48 cm und ist f\u00fcr einen Blumentopf mit einem Durchmesser von 13 cm geeignet.<\/p>\n<p>Wundersch\u00f6nes Einzelst\u00fcck, welches in verschiedenen Wohnbereichen aufgeh\u00e4ngt werden kann, so bringen sie ihre Blumen richtig zur Geltung.<\/p>\n","protected":false},"excerpt":{"rendered":"<p>geknn\u00fcpfter Blumen &#8211; Wandbehang Palas natur in Makramee Stil Mit viel Liebe aus aus 100% recycelten Baumwollgarn gefertigt. Aufgekn\u00fcpft auf einem Holzstab mit einer L\u00e4nge von 48 cm und ist f\u00fcr einen Blumentopf mit einem Durchmesser von 13 cm geeignet. Wundersch\u00f6nes Einzelst\u00fcck, welches in verschiedenen Wohnbereichen aufgeh\u00e4ngt werden kann, so bringen sie ihre Blumen richtig &hellip; <a href=\"https:\/\/www.regionalis.shop\/crochettie\/shop\/wandbehang-palas\/\">Continued<\/a><\/p>\n","protected":false},"featured_media":1058,"template":"","meta":{"_acf_changed":false},"product_brand":[],"product_cat":[174,103],"product_tag":[],"class_list":{"0":"post-1057","1":"product","2":"type-product","3":"status-publish","4":"has-post-thumbnail","6":"product_cat-wohndekoration","7":"product_cat-wohnen-deko","9":"first","10":"instock","11":"purchasable","12":"product-type-simple"},"acf":[],"_links":{"self":[{"href":"https:\/\/www.regionalis.shop\/crochettie\/wp-json\/wp\/v2\/product\/1057","targetHints":{"allow":["GET"]}}],"collection":[{"href":"https:\/\/www.regionalis.shop\/crochettie\/wp-json\/wp\/v2\/product"}],"about":[{"href":"https:\/\/www.regionalis.shop\/crochettie\/wp-json\/wp\/v2\/types\/product"}],"wp:featuredmedia":[{"embeddable":true,"href":"https:\/\/www.regionalis.shop\/crochettie\/wp-json\/wp\/v2\/media\/1058"}],"wp:attachment":[{"href":"https:\/\/www.regionalis.shop\/crochettie\/wp-json\/wp\/v2\/media?parent=1057"}],"wp:term":[{"taxonomy":"product_brand","embeddable":true,"href":"https:\/\/www.regionalis.shop\/crochettie\/wp-json\/wp\/v2\/product_brand?post=1057"},{"taxonomy":"product_cat","embeddable":true,"href":"https:\/\/www.regionalis.shop\/crochettie\/wp-json\/wp\/v2\/product_cat?post=1057"},{"taxonomy":"product_tag","embeddable":true,"href":"https:\/\/www.regionalis.shop\/crochettie\/wp-json\/wp\/v2\/product_tag?post=1057"}],"curies":[{"name":"wp","href":"https:\/\/api.w.org\/{rel}","templated":true}]}}