{"id":1067,"date":"2025-04-18T06:45:30","date_gmt":"2025-04-18T04:45:30","guid":{"rendered":"https:\/\/www.regionalis.shop\/crochettie\/product\/osterkoerbchen-4\/"},"modified":"2025-04-18T06:45:30","modified_gmt":"2025-04-18T04:45:30","slug":"osterkoerbchen-4","status":"publish","type":"product","link":"https:\/\/www.regionalis.shop\/crochettie\/shop\/osterkoerbchen-4\/","title":{"rendered":"Osterk\u00f6rbchen"},"content":{"rendered":"<p>Osterk\u00f6rbchen f\u00fcr kleine MItbringsel zum Selbstbef\u00fcllen &#8211; handgefertigt<br \/>\nin verschiedenen Farben und Gr\u00f6\u00dfen<\/p>\n","protected":false},"excerpt":{"rendered":"<p>Osterk\u00f6rbchen f\u00fcr kleine MItbringsel zum Selbstbef\u00fcllen &#8211; handgefertigt in verschiedenen Farben und Gr\u00f6\u00dfen<\/p>\n","protected":false},"featured_media":1068,"template":"","meta":{"_acf_changed":false},"product_brand":[],"product_cat":[174,103],"product_tag":[],"class_list":{"0":"post-1067","1":"product","2":"type-product","3":"status-publish","4":"has-post-thumbnail","6":"product_cat-wohndekoration","7":"product_cat-wohnen-deko","9":"first","10":"instock","11":"purchasable","12":"product-type-simple"},"acf":[],"_links":{"self":[{"href":"https:\/\/www.regionalis.shop\/crochettie\/wp-json\/wp\/v2\/product\/1067","targetHints":{"allow":["GET"]}}],"collection":[{"href":"https:\/\/www.regionalis.shop\/crochettie\/wp-json\/wp\/v2\/product"}],"about":[{"href":"https:\/\/www.regionalis.shop\/crochettie\/wp-json\/wp\/v2\/types\/product"}],"wp:featuredmedia":[{"embeddable":true,"href":"https:\/\/www.regionalis.shop\/crochettie\/wp-json\/wp\/v2\/media\/1068"}],"wp:attachment":[{"href":"https:\/\/www.regionalis.shop\/crochettie\/wp-json\/wp\/v2\/media?parent=1067"}],"wp:term":[{"taxonomy":"product_brand","embeddable":true,"href":"https:\/\/www.regionalis.shop\/crochettie\/wp-json\/wp\/v2\/product_brand?post=1067"},{"taxonomy":"product_cat","embeddable":true,"href":"https:\/\/www.regionalis.shop\/crochettie\/wp-json\/wp\/v2\/product_cat?post=1067"},{"taxonomy":"product_tag","embeddable":true,"href":"https:\/\/www.regionalis.shop\/crochettie\/wp-json\/wp\/v2\/product_tag?post=1067"}],"curies":[{"name":"wp","href":"https:\/\/api.w.org\/{rel}","templated":true}]}}