{"id":1098,"date":"2025-12-09T13:09:40","date_gmt":"2025-12-09T12:09:40","guid":{"rendered":"https:\/\/www.regionalis.shop\/daveschloffi-art\/?post_type=product&#038;p=1098"},"modified":"2025-12-09T13:09:44","modified_gmt":"2025-12-09T12:09:44","slug":"mixed-media-kate","status":"publish","type":"product","link":"https:\/\/www.regionalis.shop\/daveschloffi-art\/shop\/mixed-media-kate\/","title":{"rendered":"Mixed Media Kate"},"content":{"rendered":"<p>Ein Statement\u2011Werk im handlichen A3\u2011Format \u2013 perfekt f\u00fcr jede Wand mit Mut zur Farbe und Pop\u2011Art\u2011Attit\u00fcde. Dieses exklusive St\u00fcck von daveschloffiart verbindet ikonische Bildsprache mit moderner Street\u2011Art\u2011\u00c4sthetik: Schwarz\u2011wei\u00df Portrait, dynamische Farb\u2011Akzente und subtile, grafische Elemente, die typische Luxus\u2011Referenzen neu interpretieren. Die Oberfl\u00e4che ist mit klarem Epoxidharz versiegelt, was das Motiv eindrucksvoll gl\u00e4nzend hervorhebt, Tiefe schafft und gleichzeitig sch\u00fctzt. Hochwertige Harze mit UV\u2011Stabilisatoren sind bekannt daf\u00fcr, Vergilbung und Kratzer deutlich zu reduzieren, was die Lebensdauer der Oberfl\u00e4che verl\u00e4ngert \u2013 ein Plus, wenn Kunst l\u00e4nger strahlen soll.<\/p>\n","protected":false},"excerpt":{"rendered":"<p>Ein Statement\u2011Werk im handlichen A3\u2011Format \u2013 perfekt f\u00fcr jede Wand mit Mut zur Farbe und Pop\u2011Art\u2011Attit\u00fcde. Dieses exklusive St\u00fcck von daveschloffiart verbindet ikonische Bildsprache mit moderner Street\u2011Art\u2011\u00c4sthetik: Schwarz\u2011wei\u00df Portrait, dynamische Farb\u2011Akzente und subtile, grafische Elemente, die typische Luxus\u2011Referenzen neu interpretieren. Die Oberfl\u00e4che ist mit klarem Epoxidharz versiegelt, was das Motiv eindrucksvoll gl\u00e4nzend hervorhebt, Tiefe schafft &hellip; <a href=\"https:\/\/www.regionalis.shop\/daveschloffi-art\/shop\/mixed-media-kate\/\">Continued<\/a><\/p>\n","protected":false},"featured_media":1099,"template":"","meta":{"_acf_changed":false},"product_brand":[],"product_cat":[121],"product_tag":[178,182,179,176,181,180,183,177],"class_list":{"0":"post-1098","1":"product","2":"type-product","3":"status-publish","4":"has-post-thumbnail","6":"product_cat-collagen-mischtechniken","7":"product_tag-epoxidharz","8":"product_tag-kate-moos","9":"product_tag-kunst","10":"product_tag-kunstwerk","11":"product_tag-limited-edition","12":"product_tag-mixed-media","13":"product_tag-pop-art","14":"product_tag-stencil-graffiti","16":"first","17":"instock","18":"purchasable","19":"product-type-simple"},"acf":[],"_links":{"self":[{"href":"https:\/\/www.regionalis.shop\/daveschloffi-art\/wp-json\/wp\/v2\/product\/1098","targetHints":{"allow":["GET"]}}],"collection":[{"href":"https:\/\/www.regionalis.shop\/daveschloffi-art\/wp-json\/wp\/v2\/product"}],"about":[{"href":"https:\/\/www.regionalis.shop\/daveschloffi-art\/wp-json\/wp\/v2\/types\/product"}],"wp:featuredmedia":[{"embeddable":true,"href":"https:\/\/www.regionalis.shop\/daveschloffi-art\/wp-json\/wp\/v2\/media\/1099"}],"wp:attachment":[{"href":"https:\/\/www.regionalis.shop\/daveschloffi-art\/wp-json\/wp\/v2\/media?parent=1098"}],"wp:term":[{"taxonomy":"product_brand","embeddable":true,"href":"https:\/\/www.regionalis.shop\/daveschloffi-art\/wp-json\/wp\/v2\/product_brand?post=1098"},{"taxonomy":"product_cat","embeddable":true,"href":"https:\/\/www.regionalis.shop\/daveschloffi-art\/wp-json\/wp\/v2\/product_cat?post=1098"},{"taxonomy":"product_tag","embeddable":true,"href":"https:\/\/www.regionalis.shop\/daveschloffi-art\/wp-json\/wp\/v2\/product_tag?post=1098"}],"curies":[{"name":"wp","href":"https:\/\/api.w.org\/{rel}","templated":true}]}}