{"id":1066,"date":"2025-04-28T03:25:11","date_gmt":"2025-04-28T01:25:11","guid":{"rendered":"https:\/\/www.regionalis.shop\/dg-design\/product\/basecap-terra-rosso\/"},"modified":"2025-04-28T03:25:11","modified_gmt":"2025-04-28T01:25:11","slug":"basecap-terra-rosso","status":"publish","type":"product","link":"https:\/\/www.regionalis.shop\/dg-design\/shop\/basecap-terra-rosso\/","title":{"rendered":"Basecap &#8222;Terra Rosso&#8220;"},"content":{"rendered":"<p>Das DG-Design Basecap wird aus echtem Naturstein in \u00d6sterreich handgefertigt und mit einem stylischen Cap kombiniert. Leicht, flexibel, robust und dennoch ein einzigartiges und unverwechselbares Design f\u00fcr dein Cap. Jedes Cap ist ein einzigartiges Meisterst\u00fcck. <\/p>\n<p>Einzigartiges Design aus echtem Naturstein<br \/>\nFelsgestein wird auf der Oberseite des Schildes befestigt<br \/>\nSnap Verschluss (f\u00fcr alle Kopfgr\u00f6\u00dfen geeignet)<br \/>\ngeringes Gewicht von 30 Gramm<br \/>\nbietet Schutz vor Sonneneinstrahlung<\/p>\n","protected":false},"excerpt":{"rendered":"<p>Das DG-Design Basecap wird aus echtem Naturstein in \u00d6sterreich handgefertigt und mit einem stylischen Cap kombiniert. Leicht, flexibel, robust und dennoch ein einzigartiges und unverwechselbares Design f\u00fcr dein Cap. Jedes Cap ist ein einzigartiges Meisterst\u00fcck. Einzigartiges Design aus echtem Naturstein Felsgestein wird auf der Oberseite des Schildes befestigt Snap Verschluss (f\u00fcr alle Kopfgr\u00f6\u00dfen geeignet) geringes &hellip; <a href=\"https:\/\/www.regionalis.shop\/dg-design\/shop\/basecap-terra-rosso\/\">Continued<\/a><\/p>\n","protected":false},"featured_media":1067,"template":"","meta":{"_acf_changed":false},"product_brand":[],"product_cat":[37,60],"product_tag":[],"class_list":{"0":"post-1066","1":"product","2":"type-product","3":"status-publish","4":"has-post-thumbnail","6":"product_cat-accessoires","7":"product_cat-muetzen-kappen","9":"first","10":"instock","11":"purchasable","12":"product-type-simple"},"acf":[],"_links":{"self":[{"href":"https:\/\/www.regionalis.shop\/dg-design\/wp-json\/wp\/v2\/product\/1066","targetHints":{"allow":["GET"]}}],"collection":[{"href":"https:\/\/www.regionalis.shop\/dg-design\/wp-json\/wp\/v2\/product"}],"about":[{"href":"https:\/\/www.regionalis.shop\/dg-design\/wp-json\/wp\/v2\/types\/product"}],"wp:featuredmedia":[{"embeddable":true,"href":"https:\/\/www.regionalis.shop\/dg-design\/wp-json\/wp\/v2\/media\/1067"}],"wp:attachment":[{"href":"https:\/\/www.regionalis.shop\/dg-design\/wp-json\/wp\/v2\/media?parent=1066"}],"wp:term":[{"taxonomy":"product_brand","embeddable":true,"href":"https:\/\/www.regionalis.shop\/dg-design\/wp-json\/wp\/v2\/product_brand?post=1066"},{"taxonomy":"product_cat","embeddable":true,"href":"https:\/\/www.regionalis.shop\/dg-design\/wp-json\/wp\/v2\/product_cat?post=1066"},{"taxonomy":"product_tag","embeddable":true,"href":"https:\/\/www.regionalis.shop\/dg-design\/wp-json\/wp\/v2\/product_tag?post=1066"}],"curies":[{"name":"wp","href":"https:\/\/api.w.org\/{rel}","templated":true}]}}