{"id":1076,"date":"2025-04-28T03:25:11","date_gmt":"2025-04-28T01:25:11","guid":{"rendered":"https:\/\/www.regionalis.shop\/dg-design\/product\/iphone-huelle-verde\/"},"modified":"2025-04-28T03:25:11","modified_gmt":"2025-04-28T01:25:11","slug":"iphone-huelle-verde","status":"publish","type":"product","link":"https:\/\/www.regionalis.shop\/dg-design\/shop\/iphone-huelle-verde\/","title":{"rendered":"iPhone H\u00fclle &#8222;Verde&#8220;"},"content":{"rendered":"<p>Unsere exquisiten Produkte werden durch ihre Optik, ihre Funktion aber auch wesentlich durch ihre Haptik, und dem gewissen Ber\u00fchrungsgef\u00fchl definiert. Der Sinn f\u00fcr die richtige Auswahl von Rohstoffen und Materialien ist genauso entscheidend, wie die Kreativit\u00e4t und Liebe zum Detail.<br \/>\nDas Mineral Case &#8222;Verde&#8220; wird aus echtem Schieferstein handgefertigt. Kombiniert mit einem ultra-leichten Hard Case ist es ein einzigartiges Meisterst\u00fcck von gerade mal 27 gramm. Bei unseren Produkten handelt es sich um Einzelst\u00fccke, die sich in ihrer einzigartigen Gesteinsstruktur und Farbgebung unterscheiden, jedes ist ein Natur gegebenes Unikat. Made in Austria.<\/p>\n","protected":false},"excerpt":{"rendered":"<p>Unsere exquisiten Produkte werden durch ihre Optik, ihre Funktion aber auch wesentlich durch ihre Haptik, und dem gewissen Ber\u00fchrungsgef\u00fchl definiert. Der Sinn f\u00fcr die richtige Auswahl von Rohstoffen und Materialien ist genauso entscheidend, wie die Kreativit\u00e4t und Liebe zum Detail. Das Mineral Case &#8222;Verde&#8220; wird aus echtem Schieferstein handgefertigt. Kombiniert mit einem ultra-leichten Hard Case &hellip; <a href=\"https:\/\/www.regionalis.shop\/dg-design\/shop\/iphone-huelle-verde\/\">Continued<\/a><\/p>\n","protected":false},"featured_media":1077,"template":"","meta":{"_acf_changed":false},"product_brand":[],"product_cat":[37,46],"product_tag":[],"class_list":{"0":"post-1076","1":"product","2":"type-product","3":"status-publish","4":"has-post-thumbnail","6":"product_cat-accessoires","7":"product_cat-handyhuellen","9":"first","10":"instock","11":"purchasable","12":"product-type-simple"},"acf":[],"_links":{"self":[{"href":"https:\/\/www.regionalis.shop\/dg-design\/wp-json\/wp\/v2\/product\/1076","targetHints":{"allow":["GET"]}}],"collection":[{"href":"https:\/\/www.regionalis.shop\/dg-design\/wp-json\/wp\/v2\/product"}],"about":[{"href":"https:\/\/www.regionalis.shop\/dg-design\/wp-json\/wp\/v2\/types\/product"}],"wp:featuredmedia":[{"embeddable":true,"href":"https:\/\/www.regionalis.shop\/dg-design\/wp-json\/wp\/v2\/media\/1077"}],"wp:attachment":[{"href":"https:\/\/www.regionalis.shop\/dg-design\/wp-json\/wp\/v2\/media?parent=1076"}],"wp:term":[{"taxonomy":"product_brand","embeddable":true,"href":"https:\/\/www.regionalis.shop\/dg-design\/wp-json\/wp\/v2\/product_brand?post=1076"},{"taxonomy":"product_cat","embeddable":true,"href":"https:\/\/www.regionalis.shop\/dg-design\/wp-json\/wp\/v2\/product_cat?post=1076"},{"taxonomy":"product_tag","embeddable":true,"href":"https:\/\/www.regionalis.shop\/dg-design\/wp-json\/wp\/v2\/product_tag?post=1076"}],"curies":[{"name":"wp","href":"https:\/\/api.w.org\/{rel}","templated":true}]}}