{"id":1052,"date":"2025-04-18T05:52:41","date_gmt":"2025-04-18T03:52:41","guid":{"rendered":"https:\/\/www.regionalis.shop\/die-seifenkiste\/product\/into-the-woods-seife\/"},"modified":"2025-04-18T05:52:41","modified_gmt":"2025-04-18T03:52:41","slug":"into-the-woods-seife","status":"publish","type":"product","link":"https:\/\/www.regionalis.shop\/die-seifenkiste\/shop\/into-the-woods-seife\/","title":{"rendered":"Into the woods Seife"},"content":{"rendered":"<p>Die Seife riecht ganz toll nach Edelh\u00f6lzern: Sandelholz, Zypresse und Zeder und ist sehr samtig weich.<\/p>\n<p>Innere Werte: Kokos\u00f6l, Sesam\u00f6l, Sonnenblumen\u00f6l, Rizinus\u00f6l, Kakaobutter, Salz<\/p>\n","protected":false},"excerpt":{"rendered":"<p>Die Seife riecht ganz toll nach Edelh\u00f6lzern: Sandelholz, Zypresse und Zeder und ist sehr samtig weich. Innere Werte: Kokos\u00f6l, Sesam\u00f6l, Sonnenblumen\u00f6l, Rizinus\u00f6l, Kakaobutter, Salz<\/p>\n","protected":false},"featured_media":1053,"template":"","meta":{"_acf_changed":false},"product_brand":[],"product_cat":[52,76],"product_tag":[],"class_list":{"0":"post-1052","1":"product","2":"type-product","3":"status-publish","4":"has-post-thumbnail","6":"product_cat-kosmetika","7":"product_cat-seifen","9":"first","10":"instock","11":"purchasable","12":"product-type-simple"},"acf":[],"_links":{"self":[{"href":"https:\/\/www.regionalis.shop\/die-seifenkiste\/wp-json\/wp\/v2\/product\/1052","targetHints":{"allow":["GET"]}}],"collection":[{"href":"https:\/\/www.regionalis.shop\/die-seifenkiste\/wp-json\/wp\/v2\/product"}],"about":[{"href":"https:\/\/www.regionalis.shop\/die-seifenkiste\/wp-json\/wp\/v2\/types\/product"}],"wp:featuredmedia":[{"embeddable":true,"href":"https:\/\/www.regionalis.shop\/die-seifenkiste\/wp-json\/wp\/v2\/media\/1053"}],"wp:attachment":[{"href":"https:\/\/www.regionalis.shop\/die-seifenkiste\/wp-json\/wp\/v2\/media?parent=1052"}],"wp:term":[{"taxonomy":"product_brand","embeddable":true,"href":"https:\/\/www.regionalis.shop\/die-seifenkiste\/wp-json\/wp\/v2\/product_brand?post=1052"},{"taxonomy":"product_cat","embeddable":true,"href":"https:\/\/www.regionalis.shop\/die-seifenkiste\/wp-json\/wp\/v2\/product_cat?post=1052"},{"taxonomy":"product_tag","embeddable":true,"href":"https:\/\/www.regionalis.shop\/die-seifenkiste\/wp-json\/wp\/v2\/product_tag?post=1052"}],"curies":[{"name":"wp","href":"https:\/\/api.w.org\/{rel}","templated":true}]}}