{"id":1055,"date":"2025-04-18T05:52:41","date_gmt":"2025-04-18T03:52:41","guid":{"rendered":"https:\/\/www.regionalis.shop\/die-seifenkiste\/product\/candy-cane-seife\/"},"modified":"2025-04-18T05:52:41","modified_gmt":"2025-04-18T03:52:41","slug":"candy-cane-seife","status":"publish","type":"product","link":"https:\/\/www.regionalis.shop\/die-seifenkiste\/shop\/candy-cane-seife\/","title":{"rendered":"Candy Cane Seife"},"content":{"rendered":"<p>Unsere Candy Cane duftet wahnsinnig toll minzig ! Durch Mandel\u00f6l und Kokosmilch produziert die Seife einen wunderbar cremigen Schaum!<\/p>\n<p>Innere Werte:<br \/>\nKokos\u00f6l, Wasser, Mandel\u00f6l, Reiskeim\u00f6l, Shea Butter, Kokosmilch, Rizinus\u00f6l, Kakaobutter, Duft<\/p>\n","protected":false},"excerpt":{"rendered":"<p>Unsere Candy Cane duftet wahnsinnig toll minzig ! Durch Mandel\u00f6l und Kokosmilch produziert die Seife einen wunderbar cremigen Schaum! Innere Werte: Kokos\u00f6l, Wasser, Mandel\u00f6l, Reiskeim\u00f6l, Shea Butter, Kokosmilch, Rizinus\u00f6l, Kakaobutter, Duft<\/p>\n","protected":false},"featured_media":1056,"template":"","meta":{"_acf_changed":false},"product_brand":[],"product_cat":[52,76],"product_tag":[],"class_list":{"0":"post-1055","1":"product","2":"type-product","3":"status-publish","4":"has-post-thumbnail","6":"product_cat-kosmetika","7":"product_cat-seifen","9":"first","10":"instock","11":"purchasable","12":"product-type-simple"},"acf":[],"_links":{"self":[{"href":"https:\/\/www.regionalis.shop\/die-seifenkiste\/wp-json\/wp\/v2\/product\/1055","targetHints":{"allow":["GET"]}}],"collection":[{"href":"https:\/\/www.regionalis.shop\/die-seifenkiste\/wp-json\/wp\/v2\/product"}],"about":[{"href":"https:\/\/www.regionalis.shop\/die-seifenkiste\/wp-json\/wp\/v2\/types\/product"}],"wp:featuredmedia":[{"embeddable":true,"href":"https:\/\/www.regionalis.shop\/die-seifenkiste\/wp-json\/wp\/v2\/media\/1056"}],"wp:attachment":[{"href":"https:\/\/www.regionalis.shop\/die-seifenkiste\/wp-json\/wp\/v2\/media?parent=1055"}],"wp:term":[{"taxonomy":"product_brand","embeddable":true,"href":"https:\/\/www.regionalis.shop\/die-seifenkiste\/wp-json\/wp\/v2\/product_brand?post=1055"},{"taxonomy":"product_cat","embeddable":true,"href":"https:\/\/www.regionalis.shop\/die-seifenkiste\/wp-json\/wp\/v2\/product_cat?post=1055"},{"taxonomy":"product_tag","embeddable":true,"href":"https:\/\/www.regionalis.shop\/die-seifenkiste\/wp-json\/wp\/v2\/product_tag?post=1055"}],"curies":[{"name":"wp","href":"https:\/\/api.w.org\/{rel}","templated":true}]}}