{"id":1060,"date":"2025-04-18T05:52:16","date_gmt":"2025-04-18T03:52:16","guid":{"rendered":"https:\/\/www.regionalis.shop\/die-seifenkiste\/product\/castagne-kastanien-seife\/"},"modified":"2025-04-18T05:52:16","modified_gmt":"2025-04-18T03:52:16","slug":"castagne-kastanien-seife","status":"publish","type":"product","link":"https:\/\/www.regionalis.shop\/die-seifenkiste\/shop\/castagne-kastanien-seife\/","title":{"rendered":"Castagne Kastanien Seife"},"content":{"rendered":"<p>Mit Rosskastaniensud.<br \/>\nRosskastanien enthalten nat\u00fcrliche Saponine, die die Waschkraft und Schaumbildung unserer Kastanien-Seife beg\u00fcnstigen.<br \/>\nDuftet herrlich nach ger\u00f6steten Maroni.<br \/>\nInnere Werte:<br \/>\nRosskastaniensud, Kokos\u00f6l, Sesam\u00f6l, Sonnenblumen\u00f6l, Rizinus\u00f6l, Kakaobutter, Duft<\/p>\n","protected":false},"excerpt":{"rendered":"<p>Mit Rosskastaniensud. Rosskastanien enthalten nat\u00fcrliche Saponine, die die Waschkraft und Schaumbildung unserer Kastanien-Seife beg\u00fcnstigen. Duftet herrlich nach ger\u00f6steten Maroni. Innere Werte: Rosskastaniensud, Kokos\u00f6l, Sesam\u00f6l, Sonnenblumen\u00f6l, Rizinus\u00f6l, Kakaobutter, Duft<\/p>\n","protected":false},"featured_media":1061,"template":"","meta":{"_acf_changed":false},"product_brand":[],"product_cat":[52,76],"product_tag":[],"class_list":{"0":"post-1060","1":"product","2":"type-product","3":"status-publish","4":"has-post-thumbnail","6":"product_cat-kosmetika","7":"product_cat-seifen","9":"first","10":"instock","11":"purchasable","12":"product-type-simple"},"acf":[],"_links":{"self":[{"href":"https:\/\/www.regionalis.shop\/die-seifenkiste\/wp-json\/wp\/v2\/product\/1060","targetHints":{"allow":["GET"]}}],"collection":[{"href":"https:\/\/www.regionalis.shop\/die-seifenkiste\/wp-json\/wp\/v2\/product"}],"about":[{"href":"https:\/\/www.regionalis.shop\/die-seifenkiste\/wp-json\/wp\/v2\/types\/product"}],"wp:featuredmedia":[{"embeddable":true,"href":"https:\/\/www.regionalis.shop\/die-seifenkiste\/wp-json\/wp\/v2\/media\/1061"}],"wp:attachment":[{"href":"https:\/\/www.regionalis.shop\/die-seifenkiste\/wp-json\/wp\/v2\/media?parent=1060"}],"wp:term":[{"taxonomy":"product_brand","embeddable":true,"href":"https:\/\/www.regionalis.shop\/die-seifenkiste\/wp-json\/wp\/v2\/product_brand?post=1060"},{"taxonomy":"product_cat","embeddable":true,"href":"https:\/\/www.regionalis.shop\/die-seifenkiste\/wp-json\/wp\/v2\/product_cat?post=1060"},{"taxonomy":"product_tag","embeddable":true,"href":"https:\/\/www.regionalis.shop\/die-seifenkiste\/wp-json\/wp\/v2\/product_tag?post=1060"}],"curies":[{"name":"wp","href":"https:\/\/api.w.org\/{rel}","templated":true}]}}