{"id":1062,"date":"2025-04-18T05:52:16","date_gmt":"2025-04-18T03:52:16","guid":{"rendered":"https:\/\/www.regionalis.shop\/die-seifenkiste\/product\/zucca-kuerbis-seife\/"},"modified":"2025-04-18T05:52:16","modified_gmt":"2025-04-18T03:52:16","slug":"zucca-kuerbis-seife","status":"publish","type":"product","link":"https:\/\/www.regionalis.shop\/die-seifenkiste\/shop\/zucca-kuerbis-seife\/","title":{"rendered":"Zucca K\u00fcrbis Seife"},"content":{"rendered":"<p>Seife in zwei Teilen: Im unteren Teil mit K\u00fcrbiskern\u00f6l, super hautpflegend, im oberen Teil mit K\u00fcrbisp\u00fcree. Optisch durch eine feine goldene Linie getrennt. Hier steckt viel Burgenland drin!<br \/>\nDuftet nach Zimt&#8230;<\/p>\n<p>Innere Werte: Oliven\u00f6l, Wasser, Kokos\u00f6l, Sonnenblumen\u00f6l, Sesam\u00f6l, Rizinus\u00f6l, Kakaobutter, K\u00fcrbiskern\u00f6l, K\u00fcrbisp\u00fcree, Duft<\/p>\n","protected":false},"excerpt":{"rendered":"<p>Seife in zwei Teilen: Im unteren Teil mit K\u00fcrbiskern\u00f6l, super hautpflegend, im oberen Teil mit K\u00fcrbisp\u00fcree. Optisch durch eine feine goldene Linie getrennt. Hier steckt viel Burgenland drin! Duftet nach Zimt&#8230; Innere Werte: Oliven\u00f6l, Wasser, Kokos\u00f6l, Sonnenblumen\u00f6l, Sesam\u00f6l, Rizinus\u00f6l, Kakaobutter, K\u00fcrbiskern\u00f6l, K\u00fcrbisp\u00fcree, Duft<\/p>\n","protected":false},"featured_media":1063,"template":"","meta":{"_acf_changed":false},"product_brand":[],"product_cat":[52,76],"product_tag":[],"class_list":{"0":"post-1062","1":"product","2":"type-product","3":"status-publish","4":"has-post-thumbnail","6":"product_cat-kosmetika","7":"product_cat-seifen","9":"first","10":"instock","11":"purchasable","12":"product-type-simple"},"acf":[],"_links":{"self":[{"href":"https:\/\/www.regionalis.shop\/die-seifenkiste\/wp-json\/wp\/v2\/product\/1062","targetHints":{"allow":["GET"]}}],"collection":[{"href":"https:\/\/www.regionalis.shop\/die-seifenkiste\/wp-json\/wp\/v2\/product"}],"about":[{"href":"https:\/\/www.regionalis.shop\/die-seifenkiste\/wp-json\/wp\/v2\/types\/product"}],"wp:featuredmedia":[{"embeddable":true,"href":"https:\/\/www.regionalis.shop\/die-seifenkiste\/wp-json\/wp\/v2\/media\/1063"}],"wp:attachment":[{"href":"https:\/\/www.regionalis.shop\/die-seifenkiste\/wp-json\/wp\/v2\/media?parent=1062"}],"wp:term":[{"taxonomy":"product_brand","embeddable":true,"href":"https:\/\/www.regionalis.shop\/die-seifenkiste\/wp-json\/wp\/v2\/product_brand?post=1062"},{"taxonomy":"product_cat","embeddable":true,"href":"https:\/\/www.regionalis.shop\/die-seifenkiste\/wp-json\/wp\/v2\/product_cat?post=1062"},{"taxonomy":"product_tag","embeddable":true,"href":"https:\/\/www.regionalis.shop\/die-seifenkiste\/wp-json\/wp\/v2\/product_tag?post=1062"}],"curies":[{"name":"wp","href":"https:\/\/api.w.org\/{rel}","templated":true}]}}