{"id":1064,"date":"2025-04-18T05:51:13","date_gmt":"2025-04-18T03:51:13","guid":{"rendered":"https:\/\/www.regionalis.shop\/die-seifenkiste\/product\/kaffee-kakao-seife\/"},"modified":"2025-04-18T05:51:13","modified_gmt":"2025-04-18T03:51:13","slug":"kaffee-kakao-seife","status":"publish","type":"product","link":"https:\/\/www.regionalis.shop\/die-seifenkiste\/shop\/kaffee-kakao-seife\/","title":{"rendered":"Kaffee &#038; Kakao Seife"},"content":{"rendered":"<p>Kaffee-Seifen haben desodorierende Eigenschaften und sind deshalb super als K\u00fcchenseifen nach dem Zwiebel schneiden o.\u00e4. geeignet, machen aber auch im Badezimmer Spa\u00df. <\/p>\n<p>Duftet herrlich nach frisch gemahlenem Kaffee!<\/p>\n","protected":false},"excerpt":{"rendered":"<p>Kaffee-Seifen haben desodorierende Eigenschaften und sind deshalb super als K\u00fcchenseifen nach dem Zwiebel schneiden o.\u00e4. geeignet, machen aber auch im Badezimmer Spa\u00df. Duftet herrlich nach frisch gemahlenem Kaffee!<\/p>\n","protected":false},"featured_media":1065,"template":"","meta":{"_acf_changed":false},"product_brand":[],"product_cat":[52,76],"product_tag":[],"class_list":{"0":"post-1064","1":"product","2":"type-product","3":"status-publish","4":"has-post-thumbnail","6":"product_cat-kosmetika","7":"product_cat-seifen","9":"first","10":"instock","11":"purchasable","12":"product-type-simple"},"acf":[],"_links":{"self":[{"href":"https:\/\/www.regionalis.shop\/die-seifenkiste\/wp-json\/wp\/v2\/product\/1064","targetHints":{"allow":["GET"]}}],"collection":[{"href":"https:\/\/www.regionalis.shop\/die-seifenkiste\/wp-json\/wp\/v2\/product"}],"about":[{"href":"https:\/\/www.regionalis.shop\/die-seifenkiste\/wp-json\/wp\/v2\/types\/product"}],"wp:featuredmedia":[{"embeddable":true,"href":"https:\/\/www.regionalis.shop\/die-seifenkiste\/wp-json\/wp\/v2\/media\/1065"}],"wp:attachment":[{"href":"https:\/\/www.regionalis.shop\/die-seifenkiste\/wp-json\/wp\/v2\/media?parent=1064"}],"wp:term":[{"taxonomy":"product_brand","embeddable":true,"href":"https:\/\/www.regionalis.shop\/die-seifenkiste\/wp-json\/wp\/v2\/product_brand?post=1064"},{"taxonomy":"product_cat","embeddable":true,"href":"https:\/\/www.regionalis.shop\/die-seifenkiste\/wp-json\/wp\/v2\/product_cat?post=1064"},{"taxonomy":"product_tag","embeddable":true,"href":"https:\/\/www.regionalis.shop\/die-seifenkiste\/wp-json\/wp\/v2\/product_tag?post=1064"}],"curies":[{"name":"wp","href":"https:\/\/api.w.org\/{rel}","templated":true}]}}