{"id":1067,"date":"2025-04-18T05:51:13","date_gmt":"2025-04-18T03:51:13","guid":{"rendered":"https:\/\/www.regionalis.shop\/die-seifenkiste\/product\/himalaya-salt-salz-seife\/"},"modified":"2025-04-18T05:51:13","modified_gmt":"2025-04-18T03:51:13","slug":"himalaya-salt-salz-seife","status":"publish","type":"product","link":"https:\/\/www.regionalis.shop\/die-seifenkiste\/shop\/himalaya-salt-salz-seife\/","title":{"rendered":"Himalaya Salt Salz Seife"},"content":{"rendered":"<p>Eine Seife mit hochwertigen Salzen, in diesem Fall Himalaya Salz,  ist nicht nur super f\u00fcr empfindliche Haut, sondern reinigt auch \u00fcberaus schonend und hinterl\u00e4sst eine streichelzarte Haut. Man mag es kaum glauben, aber Salzseife spendet Haut &#038; Haar Feuchtigkeit und dringt tief in die untersten Hautschichten. Um der Haut etwas Gutes zu tun ist die Salzseife ein richtiger Beauty \u2013 Allrounder!<br \/>\nMit einem angenehmen Wellness-Duft!<\/p>\n<p>Inhaltstoffe:<br \/>\nKokos\u00f6l, Wasser, Oliven\u00f6l, Shea Butter, Avocado\u00f6l, Rizinus\u00f6l, rosa Tonerde, Himalaya Salz, Duft<\/p>\n","protected":false},"excerpt":{"rendered":"<p>Eine Seife mit hochwertigen Salzen, in diesem Fall Himalaya Salz, ist nicht nur super f\u00fcr empfindliche Haut, sondern reinigt auch \u00fcberaus schonend und hinterl\u00e4sst eine streichelzarte Haut. Man mag es kaum glauben, aber Salzseife spendet Haut &#038; Haar Feuchtigkeit und dringt tief in die untersten Hautschichten. Um der Haut etwas Gutes zu tun ist die &hellip; <a href=\"https:\/\/www.regionalis.shop\/die-seifenkiste\/shop\/himalaya-salt-salz-seife\/\">Continued<\/a><\/p>\n","protected":false},"featured_media":1068,"template":"","meta":{"_acf_changed":false},"product_brand":[],"product_cat":[52,76],"product_tag":[],"class_list":{"0":"post-1067","1":"product","2":"type-product","3":"status-publish","4":"has-post-thumbnail","6":"product_cat-kosmetika","7":"product_cat-seifen","9":"first","10":"instock","11":"purchasable","12":"product-type-simple"},"acf":[],"_links":{"self":[{"href":"https:\/\/www.regionalis.shop\/die-seifenkiste\/wp-json\/wp\/v2\/product\/1067","targetHints":{"allow":["GET"]}}],"collection":[{"href":"https:\/\/www.regionalis.shop\/die-seifenkiste\/wp-json\/wp\/v2\/product"}],"about":[{"href":"https:\/\/www.regionalis.shop\/die-seifenkiste\/wp-json\/wp\/v2\/types\/product"}],"wp:featuredmedia":[{"embeddable":true,"href":"https:\/\/www.regionalis.shop\/die-seifenkiste\/wp-json\/wp\/v2\/media\/1068"}],"wp:attachment":[{"href":"https:\/\/www.regionalis.shop\/die-seifenkiste\/wp-json\/wp\/v2\/media?parent=1067"}],"wp:term":[{"taxonomy":"product_brand","embeddable":true,"href":"https:\/\/www.regionalis.shop\/die-seifenkiste\/wp-json\/wp\/v2\/product_brand?post=1067"},{"taxonomy":"product_cat","embeddable":true,"href":"https:\/\/www.regionalis.shop\/die-seifenkiste\/wp-json\/wp\/v2\/product_cat?post=1067"},{"taxonomy":"product_tag","embeddable":true,"href":"https:\/\/www.regionalis.shop\/die-seifenkiste\/wp-json\/wp\/v2\/product_tag?post=1067"}],"curies":[{"name":"wp","href":"https:\/\/api.w.org\/{rel}","templated":true}]}}