{"id":1052,"date":"2025-04-18T09:32:38","date_gmt":"2025-04-18T07:32:38","guid":{"rendered":"https:\/\/www.regionalis.shop\/doaf-soaf-naturseifen\/product\/lemongras-seife\/"},"modified":"2025-04-18T09:32:38","modified_gmt":"2025-04-18T07:32:38","slug":"lemongras-seife","status":"publish","type":"product","link":"https:\/\/www.regionalis.shop\/doaf-soaf-naturseifen\/shop\/lemongras-seife\/","title":{"rendered":"Lemongras Seife"},"content":{"rendered":"<p>Frischer, belebender Duft \/ f\u00fcr die gesamte K\u00f6rperpflege.<\/p>\n<p>Dem wertvollen und nat\u00fcrlichen \u00e4therischen Lemongras\u00f6l wird zugeschrieben, bei Ersch\u00f6pfung zu helfen sowie sich als erfrischend, anregend, antibakteriell und durchblutungsf\u00f6rdernd zu erweisen. Zudem eignet es sich, aufgrund seiner kl\u00e4renden Eigenschaften, ideal f\u00fcr die Hautpflege. \u00c4therisches Lemongras\u00f6l kann bei Unreinheiten und bei der Entgiftung der Haut helfen.<\/p>\n<p>Ein Grund mehr, warum du diese Seife auch f\u00fcr die t\u00e4gliche Gesichtsreinigung verwenden solltest.<\/p>\n<p>Kokos\u00f6l macht die Seife hart und sorgt f\u00fcr sch\u00f6nen Schaum. Es ist besonders geeignet f\u00fcr raue, trockene, spr\u00f6de und allgemein pflegebed\u00fcrftige Haut. Sonnenblumen\u00f6l wirkt zellerneuernd und mindert zu starke Talkproduktion. Deshalb ist es besonders f\u00fcr fettige und zu Pickeln neigende Haut geeignet. Cremige Bio Kakaobutter rundet diese Seife ab und verleiht ihr das gewisse Etwas.<\/p>\n<p>&#8211;Inhaltsstoffe:&#8211;<br \/>\nKokos\u00f6l BIO, Wasser, Sonnenblumen\u00f6l BIO, Raps\u00f6l BIO, Oliven\u00f6l BIO, Natriumhydroxid, Kakaobutter BIO, Lemongras\u00f6l BIO, Citral**, Geraniol**, Linalool**, Citronellol**, Isoeugenol**, Limonene**<\/p>\n<p>**nat\u00fcrlich in \u00e4therischem \u00d6l enthalten<\/p>\n","protected":false},"excerpt":{"rendered":"<p>Frischer, belebender Duft \/ f\u00fcr die gesamte K\u00f6rperpflege. Dem wertvollen und nat\u00fcrlichen \u00e4therischen Lemongras\u00f6l wird zugeschrieben, bei Ersch\u00f6pfung zu helfen sowie sich als erfrischend, anregend, antibakteriell und durchblutungsf\u00f6rdernd zu erweisen. Zudem eignet es sich, aufgrund seiner kl\u00e4renden Eigenschaften, ideal f\u00fcr die Hautpflege. \u00c4therisches Lemongras\u00f6l kann bei Unreinheiten und bei der Entgiftung der Haut helfen. Ein &hellip; <a href=\"https:\/\/www.regionalis.shop\/doaf-soaf-naturseifen\/shop\/lemongras-seife\/\">Continued<\/a><\/p>\n","protected":false},"featured_media":1053,"template":"","meta":{"_acf_changed":false},"product_brand":[],"product_cat":[52,76],"product_tag":[],"class_list":{"0":"post-1052","1":"product","2":"type-product","3":"status-publish","4":"has-post-thumbnail","6":"product_cat-kosmetika","7":"product_cat-seifen","9":"first","10":"instock","11":"purchasable","12":"product-type-simple"},"acf":[],"_links":{"self":[{"href":"https:\/\/www.regionalis.shop\/doaf-soaf-naturseifen\/wp-json\/wp\/v2\/product\/1052","targetHints":{"allow":["GET"]}}],"collection":[{"href":"https:\/\/www.regionalis.shop\/doaf-soaf-naturseifen\/wp-json\/wp\/v2\/product"}],"about":[{"href":"https:\/\/www.regionalis.shop\/doaf-soaf-naturseifen\/wp-json\/wp\/v2\/types\/product"}],"wp:featuredmedia":[{"embeddable":true,"href":"https:\/\/www.regionalis.shop\/doaf-soaf-naturseifen\/wp-json\/wp\/v2\/media\/1053"}],"wp:attachment":[{"href":"https:\/\/www.regionalis.shop\/doaf-soaf-naturseifen\/wp-json\/wp\/v2\/media?parent=1052"}],"wp:term":[{"taxonomy":"product_brand","embeddable":true,"href":"https:\/\/www.regionalis.shop\/doaf-soaf-naturseifen\/wp-json\/wp\/v2\/product_brand?post=1052"},{"taxonomy":"product_cat","embeddable":true,"href":"https:\/\/www.regionalis.shop\/doaf-soaf-naturseifen\/wp-json\/wp\/v2\/product_cat?post=1052"},{"taxonomy":"product_tag","embeddable":true,"href":"https:\/\/www.regionalis.shop\/doaf-soaf-naturseifen\/wp-json\/wp\/v2\/product_tag?post=1052"}],"curies":[{"name":"wp","href":"https:\/\/api.w.org\/{rel}","templated":true}]}}