{"id":1054,"date":"2025-04-18T09:32:38","date_gmt":"2025-04-18T07:32:38","guid":{"rendered":"https:\/\/www.regionalis.shop\/doaf-soaf-naturseifen\/product\/rosen-seife-2\/"},"modified":"2025-04-18T09:32:38","modified_gmt":"2025-04-18T07:32:38","slug":"rosen-seife-2","status":"publish","type":"product","link":"https:\/\/www.regionalis.shop\/doaf-soaf-naturseifen\/shop\/rosen-seife-2\/","title":{"rendered":"Rosen Seife"},"content":{"rendered":"<p>Mit echtem Rosenwasser, getrockneten Rosenbl\u00fcten und Bienenwachs.<\/p>\n<p>Dem Rosenwasser sagt man eine verj\u00fcngende und versch\u00f6nernde Wirkung nach. Es ist ein hervorragendes Mittel zur Reinigung und Straffung der Haut. Es reduziert die Talgproduktion und verengt die Poren.<\/p>\n<p>Rosa Tonerde ist besonders mild und wird oft in der Sch\u00f6nheitspflege eingesetzt. Sie hat eine stark tonisierende und straffende Wirkung, gilt als desinfizierend und eignet sich f\u00fcr empfindliche, unreine Haut.<\/p>\n<p>Das Oliven\u00f6l macht diese Seife besonders mild und feuchtigkeitsspendend. Kokos\u00f6l verleiht der Seife Stabilit\u00e4t und sorgt f\u00fcr sch\u00f6nen Schaum. Es ist besonders geeignet f\u00fcr raue, trockene, spr\u00f6de und allgemein pflegebed\u00fcrftige Haut. In der Kakaobutter sind viele gesundheitsf\u00f6rdernde Wirkstoffe enthalten \u2013 die zum Beispiel Stimmungsaufhellend wirken oder die Wundheilung unterst\u00fctzen und Falten vorbeugen k\u00f6nnen. Bienenwachs pflegt und l\u00e4sst die Haut atmen.<\/p>\n<p>&#8211;Inhaltsstoffe:&#8211;<br \/>\nOliven\u00f6l BIO, Kokos\u00f6l BIO, Wasser, Kakaobutter BIO, Natriumhydroxid, Rose Hydrolat BIO, Bienenwachs, \u00e4therische \u00d6le BIO, Citronellol**, Geraniol**, Linalool**, Benzyl Benzoate**, Farnesol**, Citral**, Rosa Tonerde<\/p>\n<p>**nat\u00fcrlich in \u00e4therischem \u00d6l enthalten<\/p>\n","protected":false},"excerpt":{"rendered":"<p>Mit echtem Rosenwasser, getrockneten Rosenbl\u00fcten und Bienenwachs. Dem Rosenwasser sagt man eine verj\u00fcngende und versch\u00f6nernde Wirkung nach. Es ist ein hervorragendes Mittel zur Reinigung und Straffung der Haut. Es reduziert die Talgproduktion und verengt die Poren. Rosa Tonerde ist besonders mild und wird oft in der Sch\u00f6nheitspflege eingesetzt. Sie hat eine stark tonisierende und straffende &hellip; <a href=\"https:\/\/www.regionalis.shop\/doaf-soaf-naturseifen\/shop\/rosen-seife-2\/\">Continued<\/a><\/p>\n","protected":false},"featured_media":1055,"template":"","meta":{"_acf_changed":false},"product_brand":[],"product_cat":[52,76],"product_tag":[],"class_list":{"0":"post-1054","1":"product","2":"type-product","3":"status-publish","4":"has-post-thumbnail","6":"product_cat-kosmetika","7":"product_cat-seifen","9":"first","10":"instock","11":"purchasable","12":"product-type-simple"},"acf":[],"_links":{"self":[{"href":"https:\/\/www.regionalis.shop\/doaf-soaf-naturseifen\/wp-json\/wp\/v2\/product\/1054","targetHints":{"allow":["GET"]}}],"collection":[{"href":"https:\/\/www.regionalis.shop\/doaf-soaf-naturseifen\/wp-json\/wp\/v2\/product"}],"about":[{"href":"https:\/\/www.regionalis.shop\/doaf-soaf-naturseifen\/wp-json\/wp\/v2\/types\/product"}],"wp:featuredmedia":[{"embeddable":true,"href":"https:\/\/www.regionalis.shop\/doaf-soaf-naturseifen\/wp-json\/wp\/v2\/media\/1055"}],"wp:attachment":[{"href":"https:\/\/www.regionalis.shop\/doaf-soaf-naturseifen\/wp-json\/wp\/v2\/media?parent=1054"}],"wp:term":[{"taxonomy":"product_brand","embeddable":true,"href":"https:\/\/www.regionalis.shop\/doaf-soaf-naturseifen\/wp-json\/wp\/v2\/product_brand?post=1054"},{"taxonomy":"product_cat","embeddable":true,"href":"https:\/\/www.regionalis.shop\/doaf-soaf-naturseifen\/wp-json\/wp\/v2\/product_cat?post=1054"},{"taxonomy":"product_tag","embeddable":true,"href":"https:\/\/www.regionalis.shop\/doaf-soaf-naturseifen\/wp-json\/wp\/v2\/product_tag?post=1054"}],"curies":[{"name":"wp","href":"https:\/\/api.w.org\/{rel}","templated":true}]}}