{"id":1060,"date":"2025-04-18T09:32:38","date_gmt":"2025-04-18T07:32:38","guid":{"rendered":"https:\/\/www.regionalis.shop\/doaf-soaf-naturseifen\/product\/alpaka-seife-ronja\/"},"modified":"2025-04-18T09:32:38","modified_gmt":"2025-04-18T07:32:38","slug":"alpaka-seife-ronja","status":"publish","type":"product","link":"https:\/\/www.regionalis.shop\/doaf-soaf-naturseifen\/shop\/alpaka-seife-ronja\/","title":{"rendered":"Alpaka Seife Ronja"},"content":{"rendered":"<p>Blumiges Aroma nach Jasmin.<\/p>\n<p>Alpaka Seifen<br \/>\nDas Vlies der Alpakas enth\u00e4lt ein nat\u00fcrliches Protein \u2013 Keratin. Bei den Alpaka Seifen wird die flauschige Wolle der Alpakas in einem bestimmten Siedeverfahren aufgel\u00f6st. Dabei gewinnt man das reine Keratin, welches f\u00fcr die Haut sehr pflegend ist und ihr damit ein geschmeidiges Gef\u00fchl verleiht.<\/p>\n<p>&#8211;Inhaltsstoffe:&#8211;<br \/>\nOliven\u00f6l BIO, Wasser, Kokos\u00f6l BIO, Sheabutter BIO, Rizinus\u00f6l BIO, Natriumhydroxid, Bienenwachs, \u00e4therische \u00d6le BIO, Linalool**, Geraniol**<\/p>\n<p>**nat\u00fcrlich in \u00e4therischem \u00d6l enthalten<\/p>\n","protected":false},"excerpt":{"rendered":"<p>Blumiges Aroma nach Jasmin. Alpaka Seifen Das Vlies der Alpakas enth\u00e4lt ein nat\u00fcrliches Protein \u2013 Keratin. Bei den Alpaka Seifen wird die flauschige Wolle der Alpakas in einem bestimmten Siedeverfahren aufgel\u00f6st. Dabei gewinnt man das reine Keratin, welches f\u00fcr die Haut sehr pflegend ist und ihr damit ein geschmeidiges Gef\u00fchl verleiht. &#8211;Inhaltsstoffe:&#8211; Oliven\u00f6l BIO, Wasser, &hellip; <a href=\"https:\/\/www.regionalis.shop\/doaf-soaf-naturseifen\/shop\/alpaka-seife-ronja\/\">Continued<\/a><\/p>\n","protected":false},"featured_media":1061,"template":"","meta":{"_acf_changed":false},"product_brand":[],"product_cat":[52,76],"product_tag":[],"class_list":{"0":"post-1060","1":"product","2":"type-product","3":"status-publish","4":"has-post-thumbnail","6":"product_cat-kosmetika","7":"product_cat-seifen","9":"first","10":"instock","11":"purchasable","12":"product-type-simple"},"acf":[],"_links":{"self":[{"href":"https:\/\/www.regionalis.shop\/doaf-soaf-naturseifen\/wp-json\/wp\/v2\/product\/1060","targetHints":{"allow":["GET"]}}],"collection":[{"href":"https:\/\/www.regionalis.shop\/doaf-soaf-naturseifen\/wp-json\/wp\/v2\/product"}],"about":[{"href":"https:\/\/www.regionalis.shop\/doaf-soaf-naturseifen\/wp-json\/wp\/v2\/types\/product"}],"wp:featuredmedia":[{"embeddable":true,"href":"https:\/\/www.regionalis.shop\/doaf-soaf-naturseifen\/wp-json\/wp\/v2\/media\/1061"}],"wp:attachment":[{"href":"https:\/\/www.regionalis.shop\/doaf-soaf-naturseifen\/wp-json\/wp\/v2\/media?parent=1060"}],"wp:term":[{"taxonomy":"product_brand","embeddable":true,"href":"https:\/\/www.regionalis.shop\/doaf-soaf-naturseifen\/wp-json\/wp\/v2\/product_brand?post=1060"},{"taxonomy":"product_cat","embeddable":true,"href":"https:\/\/www.regionalis.shop\/doaf-soaf-naturseifen\/wp-json\/wp\/v2\/product_cat?post=1060"},{"taxonomy":"product_tag","embeddable":true,"href":"https:\/\/www.regionalis.shop\/doaf-soaf-naturseifen\/wp-json\/wp\/v2\/product_tag?post=1060"}],"curies":[{"name":"wp","href":"https:\/\/api.w.org\/{rel}","templated":true}]}}