{"id":1066,"date":"2025-04-18T09:32:38","date_gmt":"2025-04-18T07:32:38","guid":{"rendered":"https:\/\/www.regionalis.shop\/doaf-soaf-naturseifen\/product\/zirben-seife\/"},"modified":"2025-04-18T09:32:38","modified_gmt":"2025-04-18T07:32:38","slug":"zirben-seife","status":"publish","type":"product","link":"https:\/\/www.regionalis.shop\/doaf-soaf-naturseifen\/shop\/zirben-seife\/","title":{"rendered":"Zirben Seife"},"content":{"rendered":"<p>Sehr wohltuender Duft nach Zirbelkiefern.<\/p>\n<p>Kakaobutter und Bienenwachs sorgen f\u00fcr ein angenehmes Hautgef\u00fchl.<\/p>\n<p>Mit echtem Bio Zirbelkiefern\u00f6l, dem auch eine positive Wirkung auf Schlaf &#038; Atmung, sowie k\u00f6rperliches und geistiges Wohlbefinden nachgesagt wird. Die Seife reinigt sanft und macht die Haut geschmeidig. Zur t\u00e4glichen Pflege f\u00fcr jeden Hauttyp geeignet.<\/p>\n<p>Das Oliven\u00f6l macht die Seife besonders mild und feuchtigkeitsspendend. Kokos\u00f6l verleiht der Seife Stabilit\u00e4t und sorgt f\u00fcr einen sch\u00f6nen Schaum. Es ist besonders geeignet f\u00fcr raue, trockene, spr\u00f6de und allgemein pflegebed\u00fcrftige Haut. In der Kakaobutter sind viele gesundheitsf\u00f6rdernde Wirkstoffe enthalten \u2013 die zum Beispiel Stimmungsaufhellend wirken oder die Wundheilung unterst\u00fctzen und Falten vorbeugen k\u00f6nnen. Bienenwachs pflegt und l\u00e4sst die Haut atmen.<\/p>\n<p>&#8211;Inhaltsstoffe:&#8211;<br \/>\nOliven\u00f6l BIO, Kokos\u00f6l BIO, Wasser, Kakaobutter BIO, Natriumhydroxid, Bienenwachs, Zirbelkiefern\u00f6l BIO, Limonene**<\/p>\n<p>**nat\u00fcrlich in \u00e4therischem \u00d6l enthalten<\/p>\n","protected":false},"excerpt":{"rendered":"<p>Sehr wohltuender Duft nach Zirbelkiefern. Kakaobutter und Bienenwachs sorgen f\u00fcr ein angenehmes Hautgef\u00fchl. Mit echtem Bio Zirbelkiefern\u00f6l, dem auch eine positive Wirkung auf Schlaf &#038; Atmung, sowie k\u00f6rperliches und geistiges Wohlbefinden nachgesagt wird. Die Seife reinigt sanft und macht die Haut geschmeidig. Zur t\u00e4glichen Pflege f\u00fcr jeden Hauttyp geeignet. Das Oliven\u00f6l macht die Seife besonders &hellip; <a href=\"https:\/\/www.regionalis.shop\/doaf-soaf-naturseifen\/shop\/zirben-seife\/\">Continued<\/a><\/p>\n","protected":false},"featured_media":1067,"template":"","meta":{"_acf_changed":false},"product_brand":[],"product_cat":[52,76],"product_tag":[],"class_list":{"0":"post-1066","1":"product","2":"type-product","3":"status-publish","4":"has-post-thumbnail","6":"product_cat-kosmetika","7":"product_cat-seifen","9":"first","10":"instock","11":"purchasable","12":"product-type-simple"},"acf":[],"_links":{"self":[{"href":"https:\/\/www.regionalis.shop\/doaf-soaf-naturseifen\/wp-json\/wp\/v2\/product\/1066","targetHints":{"allow":["GET"]}}],"collection":[{"href":"https:\/\/www.regionalis.shop\/doaf-soaf-naturseifen\/wp-json\/wp\/v2\/product"}],"about":[{"href":"https:\/\/www.regionalis.shop\/doaf-soaf-naturseifen\/wp-json\/wp\/v2\/types\/product"}],"wp:featuredmedia":[{"embeddable":true,"href":"https:\/\/www.regionalis.shop\/doaf-soaf-naturseifen\/wp-json\/wp\/v2\/media\/1067"}],"wp:attachment":[{"href":"https:\/\/www.regionalis.shop\/doaf-soaf-naturseifen\/wp-json\/wp\/v2\/media?parent=1066"}],"wp:term":[{"taxonomy":"product_brand","embeddable":true,"href":"https:\/\/www.regionalis.shop\/doaf-soaf-naturseifen\/wp-json\/wp\/v2\/product_brand?post=1066"},{"taxonomy":"product_cat","embeddable":true,"href":"https:\/\/www.regionalis.shop\/doaf-soaf-naturseifen\/wp-json\/wp\/v2\/product_cat?post=1066"},{"taxonomy":"product_tag","embeddable":true,"href":"https:\/\/www.regionalis.shop\/doaf-soaf-naturseifen\/wp-json\/wp\/v2\/product_tag?post=1066"}],"curies":[{"name":"wp","href":"https:\/\/api.w.org\/{rel}","templated":true}]}}