{"id":1068,"date":"2025-04-18T09:32:38","date_gmt":"2025-04-18T07:32:38","guid":{"rendered":"https:\/\/www.regionalis.shop\/doaf-soaf-naturseifen\/product\/rosmarin-seife\/"},"modified":"2025-04-18T09:32:38","modified_gmt":"2025-04-18T07:32:38","slug":"rosmarin-seife","status":"publish","type":"product","link":"https:\/\/www.regionalis.shop\/doaf-soaf-naturseifen\/shop\/rosmarin-seife\/","title":{"rendered":"Rosmarin Seife"},"content":{"rendered":"<p>Frischegef\u00fchl durch die durchblutungsf\u00f6rdernde Wirkung des Rosmarin.<\/p>\n<p>Rosmarin ist seit hunderten von Jahren f\u00fcr seine Heilkraft bekannt. Durch die durchblutungsf\u00f6rdernde Wirkung des Rosmarin erh\u00e4lt die Haut mehr Spannkraft und wirkt frischer. Au\u00dferdem hat dieses Heilkraut eine antiseptische und bakterienabt\u00f6tende Wirkung.<\/p>\n<p>Rissige, wunde und durch Ekzeme belastet Haut kann durch die Verwendung von Rosmarinseife stark profitieren.<\/p>\n<p>Dazu sorgt Oliven\u00f6l f\u00fcr die n\u00f6tige Pflege und Kokos\u00f6l f\u00fcr den Schaum. In der Kakaobutter sind viele gesundheitsf\u00f6rdernde Wirkstoffe enthalten \u2013 die zum Beispiel Stimmungsaufhellend wirken oder die Wundheilung unterst\u00fctzen und Falten vorbeugen k\u00f6nnen.<\/p>\n<p>&#8211;Inhaltsstoffe:&#8211;<br \/>\nOliven\u00f6l BIO, Kokos\u00f6l BIO, Wasser, Kakaobutter BIO, Natriumhydroxid, Bienenwachs, \u00e4therische \u00d6le BIO, Linalool**, Limonene**<\/p>\n<p>**nat\u00fcrlich in \u00e4therischem \u00d6l enthalten<\/p>\n","protected":false},"excerpt":{"rendered":"<p>Frischegef\u00fchl durch die durchblutungsf\u00f6rdernde Wirkung des Rosmarin. Rosmarin ist seit hunderten von Jahren f\u00fcr seine Heilkraft bekannt. Durch die durchblutungsf\u00f6rdernde Wirkung des Rosmarin erh\u00e4lt die Haut mehr Spannkraft und wirkt frischer. Au\u00dferdem hat dieses Heilkraut eine antiseptische und bakterienabt\u00f6tende Wirkung. Rissige, wunde und durch Ekzeme belastet Haut kann durch die Verwendung von Rosmarinseife stark profitieren. &hellip; <a href=\"https:\/\/www.regionalis.shop\/doaf-soaf-naturseifen\/shop\/rosmarin-seife\/\">Continued<\/a><\/p>\n","protected":false},"featured_media":1069,"template":"","meta":{"_acf_changed":false},"product_brand":[],"product_cat":[52,76],"product_tag":[],"class_list":{"0":"post-1068","1":"product","2":"type-product","3":"status-publish","4":"has-post-thumbnail","6":"product_cat-kosmetika","7":"product_cat-seifen","9":"first","10":"instock","11":"purchasable","12":"product-type-simple"},"acf":[],"_links":{"self":[{"href":"https:\/\/www.regionalis.shop\/doaf-soaf-naturseifen\/wp-json\/wp\/v2\/product\/1068","targetHints":{"allow":["GET"]}}],"collection":[{"href":"https:\/\/www.regionalis.shop\/doaf-soaf-naturseifen\/wp-json\/wp\/v2\/product"}],"about":[{"href":"https:\/\/www.regionalis.shop\/doaf-soaf-naturseifen\/wp-json\/wp\/v2\/types\/product"}],"wp:featuredmedia":[{"embeddable":true,"href":"https:\/\/www.regionalis.shop\/doaf-soaf-naturseifen\/wp-json\/wp\/v2\/media\/1069"}],"wp:attachment":[{"href":"https:\/\/www.regionalis.shop\/doaf-soaf-naturseifen\/wp-json\/wp\/v2\/media?parent=1068"}],"wp:term":[{"taxonomy":"product_brand","embeddable":true,"href":"https:\/\/www.regionalis.shop\/doaf-soaf-naturseifen\/wp-json\/wp\/v2\/product_brand?post=1068"},{"taxonomy":"product_cat","embeddable":true,"href":"https:\/\/www.regionalis.shop\/doaf-soaf-naturseifen\/wp-json\/wp\/v2\/product_cat?post=1068"},{"taxonomy":"product_tag","embeddable":true,"href":"https:\/\/www.regionalis.shop\/doaf-soaf-naturseifen\/wp-json\/wp\/v2\/product_tag?post=1068"}],"curies":[{"name":"wp","href":"https:\/\/api.w.org\/{rel}","templated":true}]}}