{"id":1070,"date":"2025-04-18T09:32:38","date_gmt":"2025-04-18T07:32:38","guid":{"rendered":"https:\/\/www.regionalis.shop\/doaf-soaf-naturseifen\/product\/golser-bier-seife-fuer-haut-und-haar\/"},"modified":"2025-04-18T09:32:38","modified_gmt":"2025-04-18T07:32:38","slug":"golser-bier-seife-fuer-haut-und-haar","status":"publish","type":"product","link":"https:\/\/www.regionalis.shop\/doaf-soaf-naturseifen\/shop\/golser-bier-seife-fuer-haut-und-haar\/","title":{"rendered":"Golser Bier Seife f\u00fcr Haut und Haar"},"content":{"rendered":"<p>Die Golser Bier Seife ist perfekt f\u00fcr die gesamte K\u00f6rperpflege geeignet. Bei  trockener Kopfhaut wirkt sie sehr wohltuend und feuchtigkeitsspendend. <\/p>\n<p>&#8211;Inhaltsstoffe:&#8211;<br \/>\nOliven\u00f6l BIO, Kokos\u00f6l BIO, Bier, Natriumhydroxid, Rizinus\u00f6l, Avocado\u00f6l BIO, \u00e4therisches Rosmarin\u00f6l BIO, Limonene**, Linalool**<\/p>\n<p>**nat\u00fcrlich in \u00e4therischem \u00d6l enthalten<\/p>\n","protected":false},"excerpt":{"rendered":"<p>Die Golser Bier Seife ist perfekt f\u00fcr die gesamte K\u00f6rperpflege geeignet. Bei trockener Kopfhaut wirkt sie sehr wohltuend und feuchtigkeitsspendend. &#8211;Inhaltsstoffe:&#8211; Oliven\u00f6l BIO, Kokos\u00f6l BIO, Bier, Natriumhydroxid, Rizinus\u00f6l, Avocado\u00f6l BIO, \u00e4therisches Rosmarin\u00f6l BIO, Limonene**, Linalool** **nat\u00fcrlich in \u00e4therischem \u00d6l enthalten<\/p>\n","protected":false},"featured_media":1071,"template":"","meta":{"_acf_changed":false},"product_brand":[],"product_cat":[52,76],"product_tag":[],"class_list":{"0":"post-1070","1":"product","2":"type-product","3":"status-publish","4":"has-post-thumbnail","6":"product_cat-kosmetika","7":"product_cat-seifen","9":"first","10":"instock","11":"purchasable","12":"product-type-simple"},"acf":[],"_links":{"self":[{"href":"https:\/\/www.regionalis.shop\/doaf-soaf-naturseifen\/wp-json\/wp\/v2\/product\/1070","targetHints":{"allow":["GET"]}}],"collection":[{"href":"https:\/\/www.regionalis.shop\/doaf-soaf-naturseifen\/wp-json\/wp\/v2\/product"}],"about":[{"href":"https:\/\/www.regionalis.shop\/doaf-soaf-naturseifen\/wp-json\/wp\/v2\/types\/product"}],"wp:featuredmedia":[{"embeddable":true,"href":"https:\/\/www.regionalis.shop\/doaf-soaf-naturseifen\/wp-json\/wp\/v2\/media\/1071"}],"wp:attachment":[{"href":"https:\/\/www.regionalis.shop\/doaf-soaf-naturseifen\/wp-json\/wp\/v2\/media?parent=1070"}],"wp:term":[{"taxonomy":"product_brand","embeddable":true,"href":"https:\/\/www.regionalis.shop\/doaf-soaf-naturseifen\/wp-json\/wp\/v2\/product_brand?post=1070"},{"taxonomy":"product_cat","embeddable":true,"href":"https:\/\/www.regionalis.shop\/doaf-soaf-naturseifen\/wp-json\/wp\/v2\/product_cat?post=1070"},{"taxonomy":"product_tag","embeddable":true,"href":"https:\/\/www.regionalis.shop\/doaf-soaf-naturseifen\/wp-json\/wp\/v2\/product_tag?post=1070"}],"curies":[{"name":"wp","href":"https:\/\/api.w.org\/{rel}","templated":true}]}}