{"id":3,"date":"2023-10-31T09:02:46","date_gmt":"2023-10-31T09:02:46","guid":{"rendered":"https:\/\/stage.shop-it.at\/?page_id=3"},"modified":"2025-10-23T16:29:26","modified_gmt":"2025-10-23T14:29:26","slug":"datenschutzerklarung","status":"publish","type":"page","link":"https:\/\/www.regionalis.shop\/doris-fuchs\/datenschutzerklarung\/","title":{"rendered":"Datenschutzerkl\u00e4rung"},"content":{"rendered":"<section>\n            <p>Modeschmuck mit Edelsteinen, Delica Perlen u.a.<br \/>\nGestricktes &#038; Geh\u00e4keltes<\/p>\n<p>In meinen Handarbeiten lebe ich meine Kreativit\u00e4t aus. Jedes Teil geht durch meine H\u00e4nde und wird mit Liebe zum Detail gefertigt. Gerne lasse ich mich inspirieren und fertige nach M\u00f6glichkeit auch Einzelst\u00fccke nach Ihren W\u00fcnschen.<br \/>\nSo geht es bei meinem Tun nicht darum Massen herzustellen, sondern im Kleinen und Feinen praktische und sch\u00f6ne Dinge herzustellen, die man nicht an jeder Ecke sieht und kaufen kann.<br \/>\nAlle Schmuckteile wurden mit nickelfreiem Material gearbeitet. Die Halsketten werden nahezu ausschlie\u00dflich mit praktischen Magnetverschl\u00fcssen versehen.<br \/>\nViel Spa\u00df beim St\u00f6bern.<\/p>\n<p>Alles Liebe<br \/>\nDoris<\/p>\n\n    <\/section>","protected":false},"excerpt":{"rendered":"","protected":false},"author":1,"featured_media":0,"parent":0,"menu_order":0,"comment_status":"closed","ping_status":"closed","template":"","meta":{"_acf_changed":false,"footnotes":""},"class_list":["post-3","page","type-page","status-publish","hentry"],"acf":[],"_links":{"self":[{"href":"https:\/\/www.regionalis.shop\/doris-fuchs\/wp-json\/wp\/v2\/pages\/3","targetHints":{"allow":["GET"]}}],"collection":[{"href":"https:\/\/www.regionalis.shop\/doris-fuchs\/wp-json\/wp\/v2\/pages"}],"about":[{"href":"https:\/\/www.regionalis.shop\/doris-fuchs\/wp-json\/wp\/v2\/types\/page"}],"author":[{"embeddable":true,"href":"https:\/\/www.regionalis.shop\/doris-fuchs\/wp-json\/wp\/v2\/users\/1"}],"replies":[{"embeddable":true,"href":"https:\/\/www.regionalis.shop\/doris-fuchs\/wp-json\/wp\/v2\/comments?post=3"}],"version-history":[{"count":4,"href":"https:\/\/www.regionalis.shop\/doris-fuchs\/wp-json\/wp\/v2\/pages\/3\/revisions"}],"predecessor-version":[{"id":1047,"href":"https:\/\/www.regionalis.shop\/doris-fuchs\/wp-json\/wp\/v2\/pages\/3\/revisions\/1047"}],"wp:attachment":[{"href":"https:\/\/www.regionalis.shop\/doris-fuchs\/wp-json\/wp\/v2\/media?parent=3"}],"curies":[{"name":"wp","href":"https:\/\/api.w.org\/{rel}","templated":true}]}}