{"id":862,"date":"2025-05-24T13:44:06","date_gmt":"2025-05-24T11:44:06","guid":{"rendered":"https:\/\/starter.stage.shop-it.at\/?page_id=862"},"modified":"2025-10-23T15:21:37","modified_gmt":"2025-10-23T13:21:37","slug":"startseite","status":"publish","type":"page","link":"https:\/\/www.regionalis.shop\/doris-fuchs\/","title":{"rendered":"Startseite"},"content":{"rendered":"<section>\n        <div class=\"header-image\">\n            <img decoding=\"async\" src=\"https:\/\/www.regionalis.shop\/app\/uploads\/sites\/141\/827_2020_04_27_12_59_28_634064774.jpg\" alt=\"\">\n        <\/div>\n    \n    <\/section>\n    <section>\n    <div class=\"header-title\">\n        <h1 class=\"h2\">Willkommen bei Doris Fuchs<\/h1>\n    <\/div>\n            <h2 class=\"h3\">Handgemacht in Haugsdorf<\/h2>\n                <p>Modeschmuck mit Edelsteinen, Delica Perlen u.a.<br \/>\nGestricktes &#038; Geh\u00e4keltes<\/p>\n<p>In meinen Handarbeiten lebe ich meine Kreativit\u00e4t aus. Jedes Teil geht durch meine H\u00e4nde und wird mit Liebe zum Detail gefertigt. Gerne lasse ich mich inspirieren und fertige nach M\u00f6glichkeit auch Einzelst\u00fccke nach Ihren W\u00fcnschen.<br \/>\nSo geht es bei meinem Tun nicht darum Massen herzustellen, sondern im Kleinen und Feinen praktische und sch\u00f6ne Dinge herzustellen, die man nicht an jeder Ecke sieht und kaufen kann.<br \/>\nAlle Schmuckteile wurden mit nickelfreiem Material gearbeitet. Die Halsketten werden nahezu ausschlie\u00dflich mit praktischen Magnetverschl\u00fcssen versehen.<br \/>\nViel Spa\u00df beim St\u00f6bern.<\/p>\n<p>Alles Liebe<br \/>\nDoris<\/p>\n\n    \n    <h3>Produkte<\/h3>\n\n    <div class=\"woocommerce columns-3 \"><ul class=\"products columns-3\">\n<li class=\"product type-product post-1082 status-publish first instock product_cat-accessoires product_cat-handschuhe has-post-thumbnail purchasable product-type-simple\">\n\t<a href=\"https:\/\/www.regionalis.shop\/doris-fuchs\/shop\/alpaka-handstulpen-schwarz\/\" class=\"woocommerce-LoopProduct-link woocommerce-loop-product__link\"><div class=\"wc-block-grid__product-image\"><img loading=\"lazy\" decoding=\"async\" width=\"1024\" height=\"1024\" src=\"https:\/\/www.regionalis.shop\/app\/uploads\/sites\/141\/827_2022_12_16_22_02_10_148482354.jpg\" class=\"attachment-large size-large\" alt=\"Alpaka Handstulpen schwarz\" srcset=\"https:\/\/www.regionalis.shop\/app\/uploads\/sites\/141\/827_2022_12_16_22_02_10_148482354.jpg 1024w, https:\/\/www.regionalis.shop\/app\/uploads\/sites\/141\/827_2022_12_16_22_02_10_148482354-300x300.jpg 300w, https:\/\/www.regionalis.shop\/app\/uploads\/sites\/141\/827_2022_12_16_22_02_10_148482354-150x150.jpg 150w, https:\/\/www.regionalis.shop\/app\/uploads\/sites\/141\/827_2022_12_16_22_02_10_148482354-768x768.jpg 768w, https:\/\/www.regionalis.shop\/app\/uploads\/sites\/141\/827_2022_12_16_22_02_10_148482354-600x600.jpg 600w, https:\/\/www.regionalis.shop\/app\/uploads\/sites\/141\/827_2022_12_16_22_02_10_148482354-100x100.jpg 100w\" sizes=\"auto, (max-width: 1024px) 100vw, 1024px\" \/><\/div><h2 class=\"woocommerce-loop-product__title\">Alpaka Handstulpen schwarz<\/h2>\n\t<span class=\"price\"><span class=\"woocommerce-Price-amount amount\"><bdi>40,00&nbsp;<span class=\"woocommerce-Price-currencySymbol\">&euro;<\/span><\/bdi><\/span><\/span>\n<\/a><\/li>\n<li class=\"product type-product post-1078 status-publish instock product_cat-accessoires product_cat-schals-halstuecher has-post-thumbnail purchasable product-type-simple\">\n\t<a href=\"https:\/\/www.regionalis.shop\/doris-fuchs\/shop\/alpaka-loop-schal-tannengruen-orange-winterweiss\/\" class=\"woocommerce-LoopProduct-link woocommerce-loop-product__link\"><div class=\"wc-block-grid__product-image\"><img loading=\"lazy\" decoding=\"async\" width=\"1024\" height=\"1024\" src=\"https:\/\/www.regionalis.shop\/app\/uploads\/sites\/141\/827_2022_12_16_21_20_01_292580236.jpg\" class=\"attachment-large size-large\" alt=\"Alpaka Loop-Schal tannengr\u00fcn\/orange\/winterwei\u00df\" srcset=\"https:\/\/www.regionalis.shop\/app\/uploads\/sites\/141\/827_2022_12_16_21_20_01_292580236.jpg 1024w, https:\/\/www.regionalis.shop\/app\/uploads\/sites\/141\/827_2022_12_16_21_20_01_292580236-300x300.jpg 300w, https:\/\/www.regionalis.shop\/app\/uploads\/sites\/141\/827_2022_12_16_21_20_01_292580236-150x150.jpg 150w, https:\/\/www.regionalis.shop\/app\/uploads\/sites\/141\/827_2022_12_16_21_20_01_292580236-768x768.jpg 768w, https:\/\/www.regionalis.shop\/app\/uploads\/sites\/141\/827_2022_12_16_21_20_01_292580236-600x600.jpg 600w, https:\/\/www.regionalis.shop\/app\/uploads\/sites\/141\/827_2022_12_16_21_20_01_292580236-100x100.jpg 100w\" sizes=\"auto, (max-width: 1024px) 100vw, 1024px\" \/><\/div><h2 class=\"woocommerce-loop-product__title\">Alpaka Loop-Schal tannengr\u00fcn\/orange\/winterwei\u00df<\/h2>\n\t<span class=\"price\"><span class=\"woocommerce-Price-amount amount\"><bdi>100,00&nbsp;<span class=\"woocommerce-Price-currencySymbol\">&euro;<\/span><\/bdi><\/span><\/span>\n<\/a><\/li>\n<li class=\"product type-product post-1075 status-publish last instock product_cat-accessoires product_cat-schals-halstuecher has-post-thumbnail purchasable product-type-simple\">\n\t<a href=\"https:\/\/www.regionalis.shop\/doris-fuchs\/shop\/alpaka-schal-violett-rosa\/\" class=\"woocommerce-LoopProduct-link woocommerce-loop-product__link\"><div class=\"wc-block-grid__product-image\"><img loading=\"lazy\" decoding=\"async\" width=\"1024\" height=\"1024\" src=\"https:\/\/www.regionalis.shop\/app\/uploads\/sites\/141\/827_2022_12_16_21_15_10_475673609.jpg\" class=\"attachment-large size-large\" alt=\"Alpaka Schal violett\/rosa\" srcset=\"https:\/\/www.regionalis.shop\/app\/uploads\/sites\/141\/827_2022_12_16_21_15_10_475673609.jpg 1024w, https:\/\/www.regionalis.shop\/app\/uploads\/sites\/141\/827_2022_12_16_21_15_10_475673609-300x300.jpg 300w, https:\/\/www.regionalis.shop\/app\/uploads\/sites\/141\/827_2022_12_16_21_15_10_475673609-150x150.jpg 150w, https:\/\/www.regionalis.shop\/app\/uploads\/sites\/141\/827_2022_12_16_21_15_10_475673609-768x768.jpg 768w, https:\/\/www.regionalis.shop\/app\/uploads\/sites\/141\/827_2022_12_16_21_15_10_475673609-600x600.jpg 600w, https:\/\/www.regionalis.shop\/app\/uploads\/sites\/141\/827_2022_12_16_21_15_10_475673609-100x100.jpg 100w\" sizes=\"auto, (max-width: 1024px) 100vw, 1024px\" \/><\/div><h2 class=\"woocommerce-loop-product__title\">Alpaka Schal violett\/rosa<\/h2>\n\t<span class=\"price\"><span class=\"woocommerce-Price-amount amount\"><bdi>85,00&nbsp;<span class=\"woocommerce-Price-currencySymbol\">&euro;<\/span><\/bdi><\/span><\/span>\n<\/a><\/li>\n<\/ul>\n<\/div>\n    <p>\n        <a href=\"https:\/\/www.regionalis.shop\/doris-fuchs\/shop\/\" class=\"btn btn-primary btn-icon-right\">\n            Alle Produkte <i class=\"bi bi-arrow-right-short\"><\/i>\n        <\/a>\n    <\/p>\n<\/section>\n\n<div data-block-name=\"woocommerce\/store-notices\" class=\"wc-block-store-notices woocommerce alignwide alignwide wp-block-woocommerce-store-notices\"><div class=\"woocommerce-notices-wrapper\"><\/div><\/div>","protected":false},"excerpt":{"rendered":"","protected":false},"author":1,"featured_media":0,"parent":0,"menu_order":0,"comment_status":"closed","ping_status":"closed","template":"template-home.blade.php","meta":{"_acf_changed":false,"footnotes":""},"class_list":["post-862","page","type-page","status-publish","hentry"],"acf":[],"_links":{"self":[{"href":"https:\/\/www.regionalis.shop\/doris-fuchs\/wp-json\/wp\/v2\/pages\/862","targetHints":{"allow":["GET"]}}],"collection":[{"href":"https:\/\/www.regionalis.shop\/doris-fuchs\/wp-json\/wp\/v2\/pages"}],"about":[{"href":"https:\/\/www.regionalis.shop\/doris-fuchs\/wp-json\/wp\/v2\/types\/page"}],"author":[{"embeddable":true,"href":"https:\/\/www.regionalis.shop\/doris-fuchs\/wp-json\/wp\/v2\/users\/1"}],"replies":[{"embeddable":true,"href":"https:\/\/www.regionalis.shop\/doris-fuchs\/wp-json\/wp\/v2\/comments?post=862"}],"version-history":[{"count":28,"href":"https:\/\/www.regionalis.shop\/doris-fuchs\/wp-json\/wp\/v2\/pages\/862\/revisions"}],"predecessor-version":[{"id":1041,"href":"https:\/\/www.regionalis.shop\/doris-fuchs\/wp-json\/wp\/v2\/pages\/862\/revisions\/1041"}],"wp:attachment":[{"href":"https:\/\/www.regionalis.shop\/doris-fuchs\/wp-json\/wp\/v2\/media?parent=862"}],"curies":[{"name":"wp","href":"https:\/\/api.w.org\/{rel}","templated":true}]}}