{"id":1068,"date":"2025-04-18T09:13:44","date_gmt":"2025-04-18T07:13:44","guid":{"rendered":"https:\/\/www.regionalis.shop\/doris-fuchs\/product\/alpaka-loop-schal-braun-naturweiss-gruen-streifen\/"},"modified":"2025-04-18T09:13:44","modified_gmt":"2025-04-18T07:13:44","slug":"alpaka-loop-schal-braun-naturweiss-gruen-streifen","status":"publish","type":"product","link":"https:\/\/www.regionalis.shop\/doris-fuchs\/shop\/alpaka-loop-schal-braun-naturweiss-gruen-streifen\/","title":{"rendered":"Alpaka Loop-Schal braun\/naturwei\u00df\/gr\u00fcn Streifen"},"content":{"rendered":"<p>ModischerLoop-Schal mit verschiedenen Farben aus flauschiger hochwertiger Alpaka-Wolle mit Seidenanteil. Gesamtl\u00e4nge 100 cm, Breite 23 cm.<\/p>\n<p>Alle meine Wollprodukte sind garantiert selbst gestrickte oder geh\u00e4kelte Einzelst\u00fccke.<\/p>\n<p>Ausschlie\u00dflich Handw\u00e4sche empfohlen. Bei allen Alpaka-Produkten wird eine Waschanleitung mitgeliefert.<\/p>\n","protected":false},"excerpt":{"rendered":"<p>ModischerLoop-Schal mit verschiedenen Farben aus flauschiger hochwertiger Alpaka-Wolle mit Seidenanteil. Gesamtl\u00e4nge 100 cm, Breite 23 cm. Alle meine Wollprodukte sind garantiert selbst gestrickte oder geh\u00e4kelte Einzelst\u00fccke. Ausschlie\u00dflich Handw\u00e4sche empfohlen. Bei allen Alpaka-Produkten wird eine Waschanleitung mitgeliefert.<\/p>\n","protected":false},"featured_media":1069,"template":"","meta":{"_acf_changed":false},"product_brand":[],"product_cat":[37,67],"product_tag":[],"class_list":{"0":"post-1068","1":"product","2":"type-product","3":"status-publish","4":"has-post-thumbnail","6":"product_cat-accessoires","7":"product_cat-schals-halstuecher","9":"first","10":"instock","11":"purchasable","12":"product-type-simple"},"acf":[],"_links":{"self":[{"href":"https:\/\/www.regionalis.shop\/doris-fuchs\/wp-json\/wp\/v2\/product\/1068","targetHints":{"allow":["GET"]}}],"collection":[{"href":"https:\/\/www.regionalis.shop\/doris-fuchs\/wp-json\/wp\/v2\/product"}],"about":[{"href":"https:\/\/www.regionalis.shop\/doris-fuchs\/wp-json\/wp\/v2\/types\/product"}],"wp:featuredmedia":[{"embeddable":true,"href":"https:\/\/www.regionalis.shop\/doris-fuchs\/wp-json\/wp\/v2\/media\/1069"}],"wp:attachment":[{"href":"https:\/\/www.regionalis.shop\/doris-fuchs\/wp-json\/wp\/v2\/media?parent=1068"}],"wp:term":[{"taxonomy":"product_brand","embeddable":true,"href":"https:\/\/www.regionalis.shop\/doris-fuchs\/wp-json\/wp\/v2\/product_brand?post=1068"},{"taxonomy":"product_cat","embeddable":true,"href":"https:\/\/www.regionalis.shop\/doris-fuchs\/wp-json\/wp\/v2\/product_cat?post=1068"},{"taxonomy":"product_tag","embeddable":true,"href":"https:\/\/www.regionalis.shop\/doris-fuchs\/wp-json\/wp\/v2\/product_tag?post=1068"}],"curies":[{"name":"wp","href":"https:\/\/api.w.org\/{rel}","templated":true}]}}