{"id":1086,"date":"2025-04-18T09:12:54","date_gmt":"2025-04-18T07:12:54","guid":{"rendered":"https:\/\/www.regionalis.shop\/doris-fuchs\/product\/alpaka-stirnband-twist-hellblau\/"},"modified":"2025-04-18T09:12:54","modified_gmt":"2025-04-18T07:12:54","slug":"alpaka-stirnband-twist-hellblau","status":"publish","type":"product","link":"https:\/\/www.regionalis.shop\/doris-fuchs\/shop\/alpaka-stirnband-twist-hellblau\/","title":{"rendered":"Alpaka Stirnband Twist hellblau"},"content":{"rendered":"<p>Schickes Twist-Stirnband, doppellagig mit Zopfmuster aus 100% hochwertiger Alpaka-Wolle. Gr\u00f6\u00dfe ca 48 cm f\u00fcr Kopfumfang bis ca 54 bis 58 cm. Breite 8 cm.<\/p>\n<p>Alle meine Wollprodukte sind garantiert selbst gestrickte oder geh\u00e4kelte Einzelst\u00fccke.<\/p>\n<p>Ausschlie\u00dflich Handw\u00e4sche empfohlen. Bei allen Alpaka-Produkten wird eine Waschanleitung mitgeliefert.<\/p>\n","protected":false},"excerpt":{"rendered":"<p>Schickes Twist-Stirnband, doppellagig mit Zopfmuster aus 100% hochwertiger Alpaka-Wolle. Gr\u00f6\u00dfe ca 48 cm f\u00fcr Kopfumfang bis ca 54 bis 58 cm. Breite 8 cm. Alle meine Wollprodukte sind garantiert selbst gestrickte oder geh\u00e4kelte Einzelst\u00fccke. Ausschlie\u00dflich Handw\u00e4sche empfohlen. Bei allen Alpaka-Produkten wird eine Waschanleitung mitgeliefert.<\/p>\n","protected":false},"featured_media":1087,"template":"","meta":{"_acf_changed":false},"product_brand":[],"product_cat":[37,91],"product_tag":[],"class_list":{"0":"post-1086","1":"product","2":"type-product","3":"status-publish","4":"has-post-thumbnail","6":"product_cat-accessoires","7":"product_cat-stirnbaender","9":"first","10":"instock","11":"purchasable","12":"product-type-simple"},"acf":[],"_links":{"self":[{"href":"https:\/\/www.regionalis.shop\/doris-fuchs\/wp-json\/wp\/v2\/product\/1086","targetHints":{"allow":["GET"]}}],"collection":[{"href":"https:\/\/www.regionalis.shop\/doris-fuchs\/wp-json\/wp\/v2\/product"}],"about":[{"href":"https:\/\/www.regionalis.shop\/doris-fuchs\/wp-json\/wp\/v2\/types\/product"}],"wp:featuredmedia":[{"embeddable":true,"href":"https:\/\/www.regionalis.shop\/doris-fuchs\/wp-json\/wp\/v2\/media\/1087"}],"wp:attachment":[{"href":"https:\/\/www.regionalis.shop\/doris-fuchs\/wp-json\/wp\/v2\/media?parent=1086"}],"wp:term":[{"taxonomy":"product_brand","embeddable":true,"href":"https:\/\/www.regionalis.shop\/doris-fuchs\/wp-json\/wp\/v2\/product_brand?post=1086"},{"taxonomy":"product_cat","embeddable":true,"href":"https:\/\/www.regionalis.shop\/doris-fuchs\/wp-json\/wp\/v2\/product_cat?post=1086"},{"taxonomy":"product_tag","embeddable":true,"href":"https:\/\/www.regionalis.shop\/doris-fuchs\/wp-json\/wp\/v2\/product_tag?post=1086"}],"curies":[{"name":"wp","href":"https:\/\/api.w.org\/{rel}","templated":true}]}}