{"id":1115,"date":"2025-04-18T09:12:54","date_gmt":"2025-04-18T07:12:54","guid":{"rendered":"https:\/\/www.regionalis.shop\/doris-fuchs\/product\/alpaka-kittyhat-weinrot\/"},"modified":"2025-04-18T09:12:54","modified_gmt":"2025-04-18T07:12:54","slug":"alpaka-kittyhat-weinrot","status":"publish","type":"product","link":"https:\/\/www.regionalis.shop\/doris-fuchs\/shop\/alpaka-kittyhat-weinrot\/","title":{"rendered":"Alpaka Kittyhat weinrot"},"content":{"rendered":"<p>Modische Katzenm\u00fctze mit H\u00e4matit-Perlen aus hochwertiger Alpaka-Wolle mit Seidenanteil. Gr\u00f6\u00dfe: f\u00fcr Kopfumfang von ca 48 bis 53 cm. <\/p>\n<p>Alle meine Wollprodukte sind garantiert selbst gestrickte oder geh\u00e4kelte Einzelst\u00fccke.<\/p>\n<p>Ausschlie\u00dflich Handw\u00e4sche empfohlen. Bei allen Alpaka-Produkten wird eine Waschanleitung mitgeliefert.<\/p>\n","protected":false},"excerpt":{"rendered":"<p>Modische Katzenm\u00fctze mit H\u00e4matit-Perlen aus hochwertiger Alpaka-Wolle mit Seidenanteil. Gr\u00f6\u00dfe: f\u00fcr Kopfumfang von ca 48 bis 53 cm. Alle meine Wollprodukte sind garantiert selbst gestrickte oder geh\u00e4kelte Einzelst\u00fccke. Ausschlie\u00dflich Handw\u00e4sche empfohlen. Bei allen Alpaka-Produkten wird eine Waschanleitung mitgeliefert.<\/p>\n","protected":false},"featured_media":1116,"template":"","meta":{"_acf_changed":false},"product_brand":[],"product_cat":[37,60],"product_tag":[],"class_list":{"0":"post-1115","1":"product","2":"type-product","3":"status-publish","4":"has-post-thumbnail","6":"product_cat-accessoires","7":"product_cat-muetzen-kappen","9":"first","10":"instock","11":"purchasable","12":"product-type-simple"},"acf":[],"_links":{"self":[{"href":"https:\/\/www.regionalis.shop\/doris-fuchs\/wp-json\/wp\/v2\/product\/1115","targetHints":{"allow":["GET"]}}],"collection":[{"href":"https:\/\/www.regionalis.shop\/doris-fuchs\/wp-json\/wp\/v2\/product"}],"about":[{"href":"https:\/\/www.regionalis.shop\/doris-fuchs\/wp-json\/wp\/v2\/types\/product"}],"wp:featuredmedia":[{"embeddable":true,"href":"https:\/\/www.regionalis.shop\/doris-fuchs\/wp-json\/wp\/v2\/media\/1116"}],"wp:attachment":[{"href":"https:\/\/www.regionalis.shop\/doris-fuchs\/wp-json\/wp\/v2\/media?parent=1115"}],"wp:term":[{"taxonomy":"product_brand","embeddable":true,"href":"https:\/\/www.regionalis.shop\/doris-fuchs\/wp-json\/wp\/v2\/product_brand?post=1115"},{"taxonomy":"product_cat","embeddable":true,"href":"https:\/\/www.regionalis.shop\/doris-fuchs\/wp-json\/wp\/v2\/product_cat?post=1115"},{"taxonomy":"product_tag","embeddable":true,"href":"https:\/\/www.regionalis.shop\/doris-fuchs\/wp-json\/wp\/v2\/product_tag?post=1115"}],"curies":[{"name":"wp","href":"https:\/\/api.w.org\/{rel}","templated":true}]}}