{"id":1122,"date":"2025-04-18T09:11:57","date_gmt":"2025-04-18T07:11:57","guid":{"rendered":"https:\/\/www.regionalis.shop\/doris-fuchs\/product\/alpaka-stirnband-twist-rot\/"},"modified":"2025-04-18T09:11:57","modified_gmt":"2025-04-18T07:11:57","slug":"alpaka-stirnband-twist-rot","status":"publish","type":"product","link":"https:\/\/www.regionalis.shop\/doris-fuchs\/shop\/alpaka-stirnband-twist-rot\/","title":{"rendered":"Alpaka Stirnband Twist rot"},"content":{"rendered":"<p>Schickes Twist-Stirnband mit Zopfmuster, doppellagig aus hochwertiger Alpaka-Wolle mit Seidenanteil. Gr\u00f6\u00dfe ca 46 cm f\u00fcr Kopfumfang bis ca 56 cm. Breite 9 cm.<\/p>\n<p>Alle meine Wollprodukte sind garantiert selbst gestrickte Einzelst\u00fccke.<\/p>\n<p>Ausschlie\u00dflich Handw\u00e4sche empfohlen. Bei allen Alpaka-Produkten wird eine Waschanleitung mitgeliefert.<\/p>\n","protected":false},"excerpt":{"rendered":"<p>Schickes Twist-Stirnband mit Zopfmuster, doppellagig aus hochwertiger Alpaka-Wolle mit Seidenanteil. Gr\u00f6\u00dfe ca 46 cm f\u00fcr Kopfumfang bis ca 56 cm. Breite 9 cm. Alle meine Wollprodukte sind garantiert selbst gestrickte Einzelst\u00fccke. Ausschlie\u00dflich Handw\u00e4sche empfohlen. Bei allen Alpaka-Produkten wird eine Waschanleitung mitgeliefert.<\/p>\n","protected":false},"featured_media":1123,"template":"","meta":{"_acf_changed":false},"product_brand":[],"product_cat":[37,91],"product_tag":[],"class_list":{"0":"post-1122","1":"product","2":"type-product","3":"status-publish","4":"has-post-thumbnail","6":"product_cat-accessoires","7":"product_cat-stirnbaender","9":"first","10":"instock","11":"purchasable","12":"product-type-simple"},"acf":[],"_links":{"self":[{"href":"https:\/\/www.regionalis.shop\/doris-fuchs\/wp-json\/wp\/v2\/product\/1122","targetHints":{"allow":["GET"]}}],"collection":[{"href":"https:\/\/www.regionalis.shop\/doris-fuchs\/wp-json\/wp\/v2\/product"}],"about":[{"href":"https:\/\/www.regionalis.shop\/doris-fuchs\/wp-json\/wp\/v2\/types\/product"}],"wp:featuredmedia":[{"embeddable":true,"href":"https:\/\/www.regionalis.shop\/doris-fuchs\/wp-json\/wp\/v2\/media\/1123"}],"wp:attachment":[{"href":"https:\/\/www.regionalis.shop\/doris-fuchs\/wp-json\/wp\/v2\/media?parent=1122"}],"wp:term":[{"taxonomy":"product_brand","embeddable":true,"href":"https:\/\/www.regionalis.shop\/doris-fuchs\/wp-json\/wp\/v2\/product_brand?post=1122"},{"taxonomy":"product_cat","embeddable":true,"href":"https:\/\/www.regionalis.shop\/doris-fuchs\/wp-json\/wp\/v2\/product_cat?post=1122"},{"taxonomy":"product_tag","embeddable":true,"href":"https:\/\/www.regionalis.shop\/doris-fuchs\/wp-json\/wp\/v2\/product_tag?post=1122"}],"curies":[{"name":"wp","href":"https:\/\/api.w.org\/{rel}","templated":true}]}}