{"id":1136,"date":"2025-04-18T04:41:05","date_gmt":"2025-04-18T02:41:05","guid":{"rendered":"https:\/\/www.regionalis.shop\/doris-fuchs\/product\/ohrhaenger-aus-holz-schnuller\/"},"modified":"2025-04-18T04:41:05","modified_gmt":"2025-04-18T02:41:05","slug":"ohrhaenger-aus-holz-schnuller","status":"publish","type":"product","link":"https:\/\/www.regionalis.shop\/doris-fuchs\/shop\/ohrhaenger-aus-holz-schnuller\/","title":{"rendered":"Ohrh\u00e4nger aus Holz &#8222;Schnuller&#8220;"},"content":{"rendered":"<p>Origineller Ohrschmuck aus Holz &#8211; das Geschenk f\u00fcr Jungm\u00fctter. Sehr leicht, angenehm zu tragen. <\/p>\n<p>Edelstahl-Haken f\u00fcr Allergiker auf Wunsch m\u00f6glich<\/p>\n<p>Gr\u00f6\u00dfe ohne Haken ca 28mm<\/p>\n","protected":false},"excerpt":{"rendered":"<p>Origineller Ohrschmuck aus Holz &#8211; das Geschenk f\u00fcr Jungm\u00fctter. Sehr leicht, angenehm zu tragen. Edelstahl-Haken f\u00fcr Allergiker auf Wunsch m\u00f6glich Gr\u00f6\u00dfe ohne Haken ca 28mm<\/p>\n","protected":false},"featured_media":1137,"template":"","meta":{"_acf_changed":false},"product_brand":[],"product_cat":[163,70],"product_tag":[],"class_list":{"0":"post-1136","1":"product","2":"type-product","3":"status-publish","4":"has-post-thumbnail","6":"product_cat-ohrringe","7":"product_cat-schmuck","9":"first","10":"instock","11":"purchasable","12":"product-type-simple"},"acf":[],"_links":{"self":[{"href":"https:\/\/www.regionalis.shop\/doris-fuchs\/wp-json\/wp\/v2\/product\/1136","targetHints":{"allow":["GET"]}}],"collection":[{"href":"https:\/\/www.regionalis.shop\/doris-fuchs\/wp-json\/wp\/v2\/product"}],"about":[{"href":"https:\/\/www.regionalis.shop\/doris-fuchs\/wp-json\/wp\/v2\/types\/product"}],"wp:featuredmedia":[{"embeddable":true,"href":"https:\/\/www.regionalis.shop\/doris-fuchs\/wp-json\/wp\/v2\/media\/1137"}],"wp:attachment":[{"href":"https:\/\/www.regionalis.shop\/doris-fuchs\/wp-json\/wp\/v2\/media?parent=1136"}],"wp:term":[{"taxonomy":"product_brand","embeddable":true,"href":"https:\/\/www.regionalis.shop\/doris-fuchs\/wp-json\/wp\/v2\/product_brand?post=1136"},{"taxonomy":"product_cat","embeddable":true,"href":"https:\/\/www.regionalis.shop\/doris-fuchs\/wp-json\/wp\/v2\/product_cat?post=1136"},{"taxonomy":"product_tag","embeddable":true,"href":"https:\/\/www.regionalis.shop\/doris-fuchs\/wp-json\/wp\/v2\/product_tag?post=1136"}],"curies":[{"name":"wp","href":"https:\/\/api.w.org\/{rel}","templated":true}]}}