{"id":1142,"date":"2025-04-18T04:41:05","date_gmt":"2025-04-18T02:41:05","guid":{"rendered":"https:\/\/www.regionalis.shop\/doris-fuchs\/product\/ohrhaenger-katze-mit-roter-glasschliffperle\/"},"modified":"2025-04-18T04:41:05","modified_gmt":"2025-04-18T02:41:05","slug":"ohrhaenger-katze-mit-roter-glasschliffperle","status":"publish","type":"product","link":"https:\/\/www.regionalis.shop\/doris-fuchs\/shop\/ohrhaenger-katze-mit-roter-glasschliffperle\/","title":{"rendered":"Ohrh\u00e4nger Katze mit roter Glasschliffperle"},"content":{"rendered":"<p>Ein stilvoller Ohrschmuck f\u00fcr alle, die Samtpfoten lieben. Die rote Glasschliffperle gibt dem Schmuckst\u00fcck einen besonderen Farbtupfer.<\/p>\n<p>Gr\u00f6\u00dfe ohne Haken ca 22mm<\/p>\n<p>Edelstahl-Haken f\u00fcr Allergiker auf Wunsch m\u00f6glich<\/p>\n","protected":false},"excerpt":{"rendered":"<p>Ein stilvoller Ohrschmuck f\u00fcr alle, die Samtpfoten lieben. Die rote Glasschliffperle gibt dem Schmuckst\u00fcck einen besonderen Farbtupfer. Gr\u00f6\u00dfe ohne Haken ca 22mm Edelstahl-Haken f\u00fcr Allergiker auf Wunsch m\u00f6glich<\/p>\n","protected":false},"featured_media":1143,"template":"","meta":{"_acf_changed":false},"product_brand":[],"product_cat":[163,70],"product_tag":[],"class_list":{"0":"post-1142","1":"product","2":"type-product","3":"status-publish","4":"has-post-thumbnail","6":"product_cat-ohrringe","7":"product_cat-schmuck","9":"first","10":"instock","11":"purchasable","12":"product-type-simple"},"acf":[],"_links":{"self":[{"href":"https:\/\/www.regionalis.shop\/doris-fuchs\/wp-json\/wp\/v2\/product\/1142","targetHints":{"allow":["GET"]}}],"collection":[{"href":"https:\/\/www.regionalis.shop\/doris-fuchs\/wp-json\/wp\/v2\/product"}],"about":[{"href":"https:\/\/www.regionalis.shop\/doris-fuchs\/wp-json\/wp\/v2\/types\/product"}],"wp:featuredmedia":[{"embeddable":true,"href":"https:\/\/www.regionalis.shop\/doris-fuchs\/wp-json\/wp\/v2\/media\/1143"}],"wp:attachment":[{"href":"https:\/\/www.regionalis.shop\/doris-fuchs\/wp-json\/wp\/v2\/media?parent=1142"}],"wp:term":[{"taxonomy":"product_brand","embeddable":true,"href":"https:\/\/www.regionalis.shop\/doris-fuchs\/wp-json\/wp\/v2\/product_brand?post=1142"},{"taxonomy":"product_cat","embeddable":true,"href":"https:\/\/www.regionalis.shop\/doris-fuchs\/wp-json\/wp\/v2\/product_cat?post=1142"},{"taxonomy":"product_tag","embeddable":true,"href":"https:\/\/www.regionalis.shop\/doris-fuchs\/wp-json\/wp\/v2\/product_tag?post=1142"}],"curies":[{"name":"wp","href":"https:\/\/api.w.org\/{rel}","templated":true}]}}