{"id":1168,"date":"2025-04-18T04:37:02","date_gmt":"2025-04-18T02:37:02","guid":{"rendered":"https:\/\/www.regionalis.shop\/doris-fuchs\/product\/haarspangerl-weisse-rose\/"},"modified":"2025-04-18T04:37:02","modified_gmt":"2025-04-18T02:37:02","slug":"haarspangerl-weisse-rose","status":"publish","type":"product","link":"https:\/\/www.regionalis.shop\/doris-fuchs\/shop\/haarspangerl-weisse-rose\/","title":{"rendered":"Haarspangerl Wei\u00dfe Rose"},"content":{"rendered":"<p>Exquisites Haarspangerl in wei\u00df mit wei\u00dfer Rose mit zartem rose-goldfarbenem Rand aus Delica-Glasperlen perfektioniert deine festliche Frisur. Liebevoll handgerfertigt wird jede einzelne Perle doppelt gen\u00e4ht &#8211; ein echter Hingucker und ein besonderes Geschenk. Gesamtgr\u00f6\u00dfe ca 50mm, Gr\u00f6\u00dfe Rose ca 22mm.<\/p>\n","protected":false},"excerpt":{"rendered":"<p>Exquisites Haarspangerl in wei\u00df mit wei\u00dfer Rose mit zartem rose-goldfarbenem Rand aus Delica-Glasperlen perfektioniert deine festliche Frisur. Liebevoll handgerfertigt wird jede einzelne Perle doppelt gen\u00e4ht &#8211; ein echter Hingucker und ein besonderes Geschenk. Gesamtgr\u00f6\u00dfe ca 50mm, Gr\u00f6\u00dfe Rose ca 22mm.<\/p>\n","protected":false},"featured_media":1169,"template":"","meta":{"_acf_changed":false},"product_brand":[],"product_cat":[70,84],"product_tag":[],"class_list":{"0":"post-1168","1":"product","2":"type-product","3":"status-publish","4":"has-post-thumbnail","6":"product_cat-schmuck","7":"product_cat-sonstiges-schmuck","9":"first","10":"instock","11":"purchasable","12":"product-type-simple"},"acf":[],"_links":{"self":[{"href":"https:\/\/www.regionalis.shop\/doris-fuchs\/wp-json\/wp\/v2\/product\/1168","targetHints":{"allow":["GET"]}}],"collection":[{"href":"https:\/\/www.regionalis.shop\/doris-fuchs\/wp-json\/wp\/v2\/product"}],"about":[{"href":"https:\/\/www.regionalis.shop\/doris-fuchs\/wp-json\/wp\/v2\/types\/product"}],"wp:featuredmedia":[{"embeddable":true,"href":"https:\/\/www.regionalis.shop\/doris-fuchs\/wp-json\/wp\/v2\/media\/1169"}],"wp:attachment":[{"href":"https:\/\/www.regionalis.shop\/doris-fuchs\/wp-json\/wp\/v2\/media?parent=1168"}],"wp:term":[{"taxonomy":"product_brand","embeddable":true,"href":"https:\/\/www.regionalis.shop\/doris-fuchs\/wp-json\/wp\/v2\/product_brand?post=1168"},{"taxonomy":"product_cat","embeddable":true,"href":"https:\/\/www.regionalis.shop\/doris-fuchs\/wp-json\/wp\/v2\/product_cat?post=1168"},{"taxonomy":"product_tag","embeddable":true,"href":"https:\/\/www.regionalis.shop\/doris-fuchs\/wp-json\/wp\/v2\/product_tag?post=1168"}],"curies":[{"name":"wp","href":"https:\/\/api.w.org\/{rel}","templated":true}]}}