{"id":1170,"date":"2025-04-18T04:37:02","date_gmt":"2025-04-18T02:37:02","guid":{"rendered":"https:\/\/www.regionalis.shop\/doris-fuchs\/product\/ohrhaenger-engel-goldfarben-mit-violetter-glasschliffperle\/"},"modified":"2025-04-18T04:37:02","modified_gmt":"2025-04-18T02:37:02","slug":"ohrhaenger-engel-goldfarben-mit-violetter-glasschliffperle","status":"publish","type":"product","link":"https:\/\/www.regionalis.shop\/doris-fuchs\/shop\/ohrhaenger-engel-goldfarben-mit-violetter-glasschliffperle\/","title":{"rendered":"Ohrh\u00e4nger Engel goldfarben mit violetter Glasschliffperle"},"content":{"rendered":"<p>Originelle Weihnachtsengerl-Ohrh\u00e4nger &#8211; ein Eyecatcher f\u00fcr deine Weihnachtsfeier. Zwei wei\u00dfe Glasperlen und eine tiefviolette Glasschliffperle machen diesen Ohrh\u00e4nger zu etwas Besonderem&#8230;.<\/p>\n<p>Edelstahl-Haken f\u00fcr Allergiker auf Wunsch m\u00f6glich<\/p>\n<p>Gr\u00f6\u00dfe ohne Haken ca 33mm<\/p>\n","protected":false},"excerpt":{"rendered":"<p>Originelle Weihnachtsengerl-Ohrh\u00e4nger &#8211; ein Eyecatcher f\u00fcr deine Weihnachtsfeier. Zwei wei\u00dfe Glasperlen und eine tiefviolette Glasschliffperle machen diesen Ohrh\u00e4nger zu etwas Besonderem&#8230;. Edelstahl-Haken f\u00fcr Allergiker auf Wunsch m\u00f6glich Gr\u00f6\u00dfe ohne Haken ca 33mm<\/p>\n","protected":false},"featured_media":1171,"template":"","meta":{"_acf_changed":false},"product_brand":[],"product_cat":[163,70],"product_tag":[],"class_list":{"0":"post-1170","1":"product","2":"type-product","3":"status-publish","4":"has-post-thumbnail","6":"product_cat-ohrringe","7":"product_cat-schmuck","9":"first","10":"instock","11":"purchasable","12":"product-type-simple"},"acf":[],"_links":{"self":[{"href":"https:\/\/www.regionalis.shop\/doris-fuchs\/wp-json\/wp\/v2\/product\/1170","targetHints":{"allow":["GET"]}}],"collection":[{"href":"https:\/\/www.regionalis.shop\/doris-fuchs\/wp-json\/wp\/v2\/product"}],"about":[{"href":"https:\/\/www.regionalis.shop\/doris-fuchs\/wp-json\/wp\/v2\/types\/product"}],"wp:featuredmedia":[{"embeddable":true,"href":"https:\/\/www.regionalis.shop\/doris-fuchs\/wp-json\/wp\/v2\/media\/1171"}],"wp:attachment":[{"href":"https:\/\/www.regionalis.shop\/doris-fuchs\/wp-json\/wp\/v2\/media?parent=1170"}],"wp:term":[{"taxonomy":"product_brand","embeddable":true,"href":"https:\/\/www.regionalis.shop\/doris-fuchs\/wp-json\/wp\/v2\/product_brand?post=1170"},{"taxonomy":"product_cat","embeddable":true,"href":"https:\/\/www.regionalis.shop\/doris-fuchs\/wp-json\/wp\/v2\/product_cat?post=1170"},{"taxonomy":"product_tag","embeddable":true,"href":"https:\/\/www.regionalis.shop\/doris-fuchs\/wp-json\/wp\/v2\/product_tag?post=1170"}],"curies":[{"name":"wp","href":"https:\/\/api.w.org\/{rel}","templated":true}]}}