{"id":1172,"date":"2025-04-18T02:59:37","date_gmt":"2025-04-18T00:59:37","guid":{"rendered":"https:\/\/www.regionalis.shop\/doris-fuchs\/product\/anhaenger-holz-mit-resin-schwarz-weiss-mit-feder\/"},"modified":"2025-04-18T02:59:37","modified_gmt":"2025-04-18T00:59:37","slug":"anhaenger-holz-mit-resin-schwarz-weiss-mit-feder","status":"publish","type":"product","link":"https:\/\/www.regionalis.shop\/doris-fuchs\/shop\/anhaenger-holz-mit-resin-schwarz-weiss-mit-feder\/","title":{"rendered":"Anh\u00e4nger Holz mit Resin schwarz\/wei\u00df, mit Feder"},"content":{"rendered":"<p>Anh\u00e4nger aus Holz mit Resin kombiniert. Feder aus Edelstahl.<\/p>\n<p>Edelstahl f\u00fcr Allergiker geeignet.<br \/>\nAbmessungen Anh\u00e4nger 50&#215;43 mm, L\u00e4nge Feder 30mm<\/p>\n","protected":false},"excerpt":{"rendered":"<p>Anh\u00e4nger aus Holz mit Resin kombiniert. Feder aus Edelstahl. Edelstahl f\u00fcr Allergiker geeignet. Abmessungen Anh\u00e4nger 50&#215;43 mm, L\u00e4nge Feder 30mm<\/p>\n","protected":false},"featured_media":1173,"template":"","meta":{"_acf_changed":false},"product_brand":[],"product_cat":[108,70],"product_tag":[],"class_list":{"0":"post-1172","1":"product","2":"type-product","3":"status-publish","4":"has-post-thumbnail","6":"product_cat-anhaenger","7":"product_cat-schmuck","9":"first","10":"instock","11":"purchasable","12":"product-type-simple"},"acf":[],"_links":{"self":[{"href":"https:\/\/www.regionalis.shop\/doris-fuchs\/wp-json\/wp\/v2\/product\/1172","targetHints":{"allow":["GET"]}}],"collection":[{"href":"https:\/\/www.regionalis.shop\/doris-fuchs\/wp-json\/wp\/v2\/product"}],"about":[{"href":"https:\/\/www.regionalis.shop\/doris-fuchs\/wp-json\/wp\/v2\/types\/product"}],"wp:featuredmedia":[{"embeddable":true,"href":"https:\/\/www.regionalis.shop\/doris-fuchs\/wp-json\/wp\/v2\/media\/1173"}],"wp:attachment":[{"href":"https:\/\/www.regionalis.shop\/doris-fuchs\/wp-json\/wp\/v2\/media?parent=1172"}],"wp:term":[{"taxonomy":"product_brand","embeddable":true,"href":"https:\/\/www.regionalis.shop\/doris-fuchs\/wp-json\/wp\/v2\/product_brand?post=1172"},{"taxonomy":"product_cat","embeddable":true,"href":"https:\/\/www.regionalis.shop\/doris-fuchs\/wp-json\/wp\/v2\/product_cat?post=1172"},{"taxonomy":"product_tag","embeddable":true,"href":"https:\/\/www.regionalis.shop\/doris-fuchs\/wp-json\/wp\/v2\/product_tag?post=1172"}],"curies":[{"name":"wp","href":"https:\/\/api.w.org\/{rel}","templated":true}]}}