{"id":1175,"date":"2025-04-18T02:59:37","date_gmt":"2025-04-18T00:59:37","guid":{"rendered":"https:\/\/www.regionalis.shop\/doris-fuchs\/product\/schmuckset-holz-mit-resin-schwarz-weiss\/"},"modified":"2025-04-18T02:59:37","modified_gmt":"2025-04-18T00:59:37","slug":"schmuckset-holz-mit-resin-schwarz-weiss","status":"publish","type":"product","link":"https:\/\/www.regionalis.shop\/doris-fuchs\/shop\/schmuckset-holz-mit-resin-schwarz-weiss\/","title":{"rendered":"Schmuckset Holz mit Resin schwarz\/wei\u00df"},"content":{"rendered":"<p>Schmuckset bestehend aus Ohrh\u00e4ngern und Anh\u00e4nger f\u00fcr Halskette aus Holz mit Resin kombiniert.<\/p>\n<p>Ohrhaken aus Edelstahl f\u00fcr Allergiker geeignet.<\/p>\n<p>Gr\u00f6\u00dfe der Anh\u00e4nger jeweils 50 x 43 mm<\/p>\n","protected":false},"excerpt":{"rendered":"<p>Schmuckset bestehend aus Ohrh\u00e4ngern und Anh\u00e4nger f\u00fcr Halskette aus Holz mit Resin kombiniert. Ohrhaken aus Edelstahl f\u00fcr Allergiker geeignet. Gr\u00f6\u00dfe der Anh\u00e4nger jeweils 50 x 43 mm<\/p>\n","protected":false},"featured_media":1176,"template":"","meta":{"_acf_changed":false},"product_brand":[],"product_cat":[70,71],"product_tag":[],"class_list":{"0":"post-1175","1":"product","2":"type-product","3":"status-publish","4":"has-post-thumbnail","6":"product_cat-schmuck","7":"product_cat-schmucksets","9":"first","10":"instock","11":"purchasable","12":"product-type-simple"},"acf":[],"_links":{"self":[{"href":"https:\/\/www.regionalis.shop\/doris-fuchs\/wp-json\/wp\/v2\/product\/1175","targetHints":{"allow":["GET"]}}],"collection":[{"href":"https:\/\/www.regionalis.shop\/doris-fuchs\/wp-json\/wp\/v2\/product"}],"about":[{"href":"https:\/\/www.regionalis.shop\/doris-fuchs\/wp-json\/wp\/v2\/types\/product"}],"wp:featuredmedia":[{"embeddable":true,"href":"https:\/\/www.regionalis.shop\/doris-fuchs\/wp-json\/wp\/v2\/media\/1176"}],"wp:attachment":[{"href":"https:\/\/www.regionalis.shop\/doris-fuchs\/wp-json\/wp\/v2\/media?parent=1175"}],"wp:term":[{"taxonomy":"product_brand","embeddable":true,"href":"https:\/\/www.regionalis.shop\/doris-fuchs\/wp-json\/wp\/v2\/product_brand?post=1175"},{"taxonomy":"product_cat","embeddable":true,"href":"https:\/\/www.regionalis.shop\/doris-fuchs\/wp-json\/wp\/v2\/product_cat?post=1175"},{"taxonomy":"product_tag","embeddable":true,"href":"https:\/\/www.regionalis.shop\/doris-fuchs\/wp-json\/wp\/v2\/product_tag?post=1175"}],"curies":[{"name":"wp","href":"https:\/\/api.w.org\/{rel}","templated":true}]}}