{"id":1178,"date":"2025-04-18T02:59:37","date_gmt":"2025-04-18T00:59:37","guid":{"rendered":"https:\/\/www.regionalis.shop\/doris-fuchs\/product\/anhaenger-holz-resin-schwarz-weiss-mit-lebensbaum\/"},"modified":"2025-04-18T02:59:37","modified_gmt":"2025-04-18T00:59:37","slug":"anhaenger-holz-resin-schwarz-weiss-mit-lebensbaum","status":"publish","type":"product","link":"https:\/\/www.regionalis.shop\/doris-fuchs\/shop\/anhaenger-holz-resin-schwarz-weiss-mit-lebensbaum\/","title":{"rendered":"Anh\u00e4nger Holz\/Resin schwarz\/wei\u00df mit Lebensbaum"},"content":{"rendered":"<p>Anh\u00e4nger aus Holz mit Resin kombiniert. Lebensbaum aus Edelstahl.<\/p>\n<p>Edelstahl f\u00fcr Allergiker geeignet.<br \/>\nDurchmesser Anh\u00e4nger 50 mm, Diurchmesser Lebensbaum 20mm.<\/p>\n","protected":false},"excerpt":{"rendered":"<p>Anh\u00e4nger aus Holz mit Resin kombiniert. Lebensbaum aus Edelstahl. Edelstahl f\u00fcr Allergiker geeignet. Durchmesser Anh\u00e4nger 50 mm, Diurchmesser Lebensbaum 20mm.<\/p>\n","protected":false},"featured_media":1179,"template":"","meta":{"_acf_changed":false},"product_brand":[],"product_cat":[108,70],"product_tag":[],"class_list":{"0":"post-1178","1":"product","2":"type-product","3":"status-publish","4":"has-post-thumbnail","6":"product_cat-anhaenger","7":"product_cat-schmuck","9":"first","10":"instock","11":"purchasable","12":"product-type-simple"},"acf":[],"_links":{"self":[{"href":"https:\/\/www.regionalis.shop\/doris-fuchs\/wp-json\/wp\/v2\/product\/1178","targetHints":{"allow":["GET"]}}],"collection":[{"href":"https:\/\/www.regionalis.shop\/doris-fuchs\/wp-json\/wp\/v2\/product"}],"about":[{"href":"https:\/\/www.regionalis.shop\/doris-fuchs\/wp-json\/wp\/v2\/types\/product"}],"wp:featuredmedia":[{"embeddable":true,"href":"https:\/\/www.regionalis.shop\/doris-fuchs\/wp-json\/wp\/v2\/media\/1179"}],"wp:attachment":[{"href":"https:\/\/www.regionalis.shop\/doris-fuchs\/wp-json\/wp\/v2\/media?parent=1178"}],"wp:term":[{"taxonomy":"product_brand","embeddable":true,"href":"https:\/\/www.regionalis.shop\/doris-fuchs\/wp-json\/wp\/v2\/product_brand?post=1178"},{"taxonomy":"product_cat","embeddable":true,"href":"https:\/\/www.regionalis.shop\/doris-fuchs\/wp-json\/wp\/v2\/product_cat?post=1178"},{"taxonomy":"product_tag","embeddable":true,"href":"https:\/\/www.regionalis.shop\/doris-fuchs\/wp-json\/wp\/v2\/product_tag?post=1178"}],"curies":[{"name":"wp","href":"https:\/\/api.w.org\/{rel}","templated":true}]}}