{"id":1182,"date":"2025-04-18T02:59:02","date_gmt":"2025-04-18T00:59:02","guid":{"rendered":"https:\/\/www.regionalis.shop\/doris-fuchs\/product\/armbaendchen-gone-offline-36x10mm\/"},"modified":"2025-04-18T02:59:02","modified_gmt":"2025-04-18T00:59:02","slug":"armbaendchen-gone-offline-36x10mm","status":"publish","type":"product","link":"https:\/\/www.regionalis.shop\/doris-fuchs\/shop\/armbaendchen-gone-offline-36x10mm\/","title":{"rendered":"Armb\u00e4ndchen &#8222;Gone Offline&#8220; 36x10mm"},"content":{"rendered":"<p>Die Symbole der Armb\u00e4ndchen werden auf einem Satinband aufgezogen und nach Wunsch mit einem Zieh- oder Schiebeknoten gefertigt.<\/p>\n<p>Bei einem Ziehknoten kann das B\u00e4ndchen leichter alleine ge\u00f6ffnet oder geschlossen werden, allerdings stehen hier die Enden ab.<\/p>\n<p>Beim Schiebeknoten wird der Knoten zum Schlie\u00dfen entlang des B\u00e4ndchens gef\u00fchrt und somit gibt es auch keine abstehenden Enden.<\/p>\n<p>Damit das B\u00e4ndchen optimal passt bitte ich bei der Bestellung den Umfang des Handgelenkes anzugeben. Auch die Farbe des Bandes kann aus der angegebenen Farbpalette gew\u00e4hlt werden.<\/p>\n<p>Mir ist es wichtig, dass diese B\u00e4ndchen Freude bereiten und so kann sich jeder seine Wunschb\u00e4ndchen designen \u2026 ob f\u00fcr zarte Kinderarme, d\u00fcnne Handgelenke oder gr\u00f6\u00dferem Handgelenksumfang, unauff\u00e4lliges grau oder peppige bunte Farben \u2026<\/p>\n","protected":false},"excerpt":{"rendered":"<p>Die Symbole der Armb\u00e4ndchen werden auf einem Satinband aufgezogen und nach Wunsch mit einem Zieh- oder Schiebeknoten gefertigt. Bei einem Ziehknoten kann das B\u00e4ndchen leichter alleine ge\u00f6ffnet oder geschlossen werden, allerdings stehen hier die Enden ab. Beim Schiebeknoten wird der Knoten zum Schlie\u00dfen entlang des B\u00e4ndchens gef\u00fchrt und somit gibt es auch keine abstehenden Enden. &hellip; <a href=\"https:\/\/www.regionalis.shop\/doris-fuchs\/shop\/armbaendchen-gone-offline-36x10mm\/\">Continued<\/a><\/p>\n","protected":false},"featured_media":1183,"template":"","meta":{"_acf_changed":false},"product_brand":[],"product_cat":[110,70],"product_tag":[],"class_list":{"0":"post-1182","1":"product","2":"type-product","3":"status-publish","4":"has-post-thumbnail","6":"product_cat-armbaender","7":"product_cat-schmuck","9":"first","10":"instock","11":"purchasable","12":"product-type-simple"},"acf":[],"_links":{"self":[{"href":"https:\/\/www.regionalis.shop\/doris-fuchs\/wp-json\/wp\/v2\/product\/1182","targetHints":{"allow":["GET"]}}],"collection":[{"href":"https:\/\/www.regionalis.shop\/doris-fuchs\/wp-json\/wp\/v2\/product"}],"about":[{"href":"https:\/\/www.regionalis.shop\/doris-fuchs\/wp-json\/wp\/v2\/types\/product"}],"wp:featuredmedia":[{"embeddable":true,"href":"https:\/\/www.regionalis.shop\/doris-fuchs\/wp-json\/wp\/v2\/media\/1183"}],"wp:attachment":[{"href":"https:\/\/www.regionalis.shop\/doris-fuchs\/wp-json\/wp\/v2\/media?parent=1182"}],"wp:term":[{"taxonomy":"product_brand","embeddable":true,"href":"https:\/\/www.regionalis.shop\/doris-fuchs\/wp-json\/wp\/v2\/product_brand?post=1182"},{"taxonomy":"product_cat","embeddable":true,"href":"https:\/\/www.regionalis.shop\/doris-fuchs\/wp-json\/wp\/v2\/product_cat?post=1182"},{"taxonomy":"product_tag","embeddable":true,"href":"https:\/\/www.regionalis.shop\/doris-fuchs\/wp-json\/wp\/v2\/product_tag?post=1182"}],"curies":[{"name":"wp","href":"https:\/\/api.w.org\/{rel}","templated":true}]}}