{"id":1194,"date":"2025-04-18T02:59:02","date_gmt":"2025-04-18T00:59:02","guid":{"rendered":"https:\/\/www.regionalis.shop\/doris-fuchs\/product\/anhaenger-holz-resin-schwarz-weiss-mit-feder\/"},"modified":"2025-04-18T02:59:02","modified_gmt":"2025-04-18T00:59:02","slug":"anhaenger-holz-resin-schwarz-weiss-mit-feder","status":"publish","type":"product","link":"https:\/\/www.regionalis.shop\/doris-fuchs\/shop\/anhaenger-holz-resin-schwarz-weiss-mit-feder\/","title":{"rendered":"Anh\u00e4nger Holz\/Resin schwarz\/wei\u00df mit Feder"},"content":{"rendered":"<p>Anh\u00e4nger aus Holz mit Resin kombiniert. Feder aus Edelstahl.<\/p>\n<p>Edelstahl f\u00fcr Allergiker geeignet.<br \/>\nDurchmesser Anh\u00e4nger 50 mm, L\u00e4nge Feder 30mm.<\/p>\n","protected":false},"excerpt":{"rendered":"<p>Anh\u00e4nger aus Holz mit Resin kombiniert. Feder aus Edelstahl. Edelstahl f\u00fcr Allergiker geeignet. Durchmesser Anh\u00e4nger 50 mm, L\u00e4nge Feder 30mm.<\/p>\n","protected":false},"featured_media":1195,"template":"","meta":{"_acf_changed":false},"product_brand":[],"product_cat":[108,70],"product_tag":[],"class_list":{"0":"post-1194","1":"product","2":"type-product","3":"status-publish","4":"has-post-thumbnail","6":"product_cat-anhaenger","7":"product_cat-schmuck","9":"first","10":"instock","11":"purchasable","12":"product-type-simple"},"acf":[],"_links":{"self":[{"href":"https:\/\/www.regionalis.shop\/doris-fuchs\/wp-json\/wp\/v2\/product\/1194","targetHints":{"allow":["GET"]}}],"collection":[{"href":"https:\/\/www.regionalis.shop\/doris-fuchs\/wp-json\/wp\/v2\/product"}],"about":[{"href":"https:\/\/www.regionalis.shop\/doris-fuchs\/wp-json\/wp\/v2\/types\/product"}],"wp:featuredmedia":[{"embeddable":true,"href":"https:\/\/www.regionalis.shop\/doris-fuchs\/wp-json\/wp\/v2\/media\/1195"}],"wp:attachment":[{"href":"https:\/\/www.regionalis.shop\/doris-fuchs\/wp-json\/wp\/v2\/media?parent=1194"}],"wp:term":[{"taxonomy":"product_brand","embeddable":true,"href":"https:\/\/www.regionalis.shop\/doris-fuchs\/wp-json\/wp\/v2\/product_brand?post=1194"},{"taxonomy":"product_cat","embeddable":true,"href":"https:\/\/www.regionalis.shop\/doris-fuchs\/wp-json\/wp\/v2\/product_cat?post=1194"},{"taxonomy":"product_tag","embeddable":true,"href":"https:\/\/www.regionalis.shop\/doris-fuchs\/wp-json\/wp\/v2\/product_tag?post=1194"}],"curies":[{"name":"wp","href":"https:\/\/api.w.org\/{rel}","templated":true}]}}