{"id":1201,"date":"2025-04-18T02:47:45","date_gmt":"2025-04-18T00:47:45","guid":{"rendered":"https:\/\/www.regionalis.shop\/doris-fuchs\/product\/armband-aus-glasschliffperlen-gold-mit-om-symbol\/"},"modified":"2025-04-18T02:47:45","modified_gmt":"2025-04-18T00:47:45","slug":"armband-aus-glasschliffperlen-gold-mit-om-symbol","status":"publish","type":"product","link":"https:\/\/www.regionalis.shop\/doris-fuchs\/shop\/armband-aus-glasschliffperlen-gold-mit-om-symbol\/","title":{"rendered":"Armband aus Glasschliffperlen gold mit Om-Symbol"},"content":{"rendered":"<p>Armband aus Glasschliffperlen (Durchmesser 7mm) auf Gummiband mit Om-Anh\u00e4nger aus Edelstahl (13mm) und einer versilberten Metallperle.<\/p>\n<p>Innenma\u00df ca 18cm, die gew\u00fcnschte L\u00e4nge kann bei der Bestellung angegeben werden. Verschiedene Farben auf Anfrage.<\/p>\n","protected":false},"excerpt":{"rendered":"<p>Armband aus Glasschliffperlen (Durchmesser 7mm) auf Gummiband mit Om-Anh\u00e4nger aus Edelstahl (13mm) und einer versilberten Metallperle. Innenma\u00df ca 18cm, die gew\u00fcnschte L\u00e4nge kann bei der Bestellung angegeben werden. Verschiedene Farben auf Anfrage.<\/p>\n","protected":false},"featured_media":1202,"template":"","meta":{"_acf_changed":false},"product_brand":[],"product_cat":[110,70],"product_tag":[],"class_list":{"0":"post-1201","1":"product","2":"type-product","3":"status-publish","4":"has-post-thumbnail","6":"product_cat-armbaender","7":"product_cat-schmuck","9":"first","10":"instock","11":"purchasable","12":"product-type-simple"},"acf":[],"_links":{"self":[{"href":"https:\/\/www.regionalis.shop\/doris-fuchs\/wp-json\/wp\/v2\/product\/1201","targetHints":{"allow":["GET"]}}],"collection":[{"href":"https:\/\/www.regionalis.shop\/doris-fuchs\/wp-json\/wp\/v2\/product"}],"about":[{"href":"https:\/\/www.regionalis.shop\/doris-fuchs\/wp-json\/wp\/v2\/types\/product"}],"wp:featuredmedia":[{"embeddable":true,"href":"https:\/\/www.regionalis.shop\/doris-fuchs\/wp-json\/wp\/v2\/media\/1202"}],"wp:attachment":[{"href":"https:\/\/www.regionalis.shop\/doris-fuchs\/wp-json\/wp\/v2\/media?parent=1201"}],"wp:term":[{"taxonomy":"product_brand","embeddable":true,"href":"https:\/\/www.regionalis.shop\/doris-fuchs\/wp-json\/wp\/v2\/product_brand?post=1201"},{"taxonomy":"product_cat","embeddable":true,"href":"https:\/\/www.regionalis.shop\/doris-fuchs\/wp-json\/wp\/v2\/product_cat?post=1201"},{"taxonomy":"product_tag","embeddable":true,"href":"https:\/\/www.regionalis.shop\/doris-fuchs\/wp-json\/wp\/v2\/product_tag?post=1201"}],"curies":[{"name":"wp","href":"https:\/\/api.w.org\/{rel}","templated":true}]}}