{"id":1210,"date":"2025-04-18T02:47:45","date_gmt":"2025-04-18T00:47:45","guid":{"rendered":"https:\/\/www.regionalis.shop\/doris-fuchs\/product\/armband-aus-glasschliffperlen-violett-mit-kleeblatt\/"},"modified":"2025-04-18T02:47:45","modified_gmt":"2025-04-18T00:47:45","slug":"armband-aus-glasschliffperlen-violett-mit-kleeblatt","status":"publish","type":"product","link":"https:\/\/www.regionalis.shop\/doris-fuchs\/shop\/armband-aus-glasschliffperlen-violett-mit-kleeblatt\/","title":{"rendered":"Armband aus Glasschliffperlen violett mit Kleeblatt"},"content":{"rendered":"<p>Armband aus Glasschliffperlen (Durchmesser 7mm) auf Gummiband mit Kleeblatt aus Edelstahl (20mm) und zwei versilberten Metallperlen.<\/p>\n<p>Innenma\u00df ca 18cm, die gew\u00fcnschte L\u00e4nge kann bei der Bestellung angegeben werden. Verschiedene Farben auf Anfrage.<\/p>\n","protected":false},"excerpt":{"rendered":"<p>Armband aus Glasschliffperlen (Durchmesser 7mm) auf Gummiband mit Kleeblatt aus Edelstahl (20mm) und zwei versilberten Metallperlen. Innenma\u00df ca 18cm, die gew\u00fcnschte L\u00e4nge kann bei der Bestellung angegeben werden. Verschiedene Farben auf Anfrage.<\/p>\n","protected":false},"featured_media":1211,"template":"","meta":{"_acf_changed":false},"product_brand":[],"product_cat":[110,70],"product_tag":[],"class_list":{"0":"post-1210","1":"product","2":"type-product","3":"status-publish","4":"has-post-thumbnail","6":"product_cat-armbaender","7":"product_cat-schmuck","9":"first","10":"instock","11":"purchasable","12":"product-type-simple"},"acf":[],"_links":{"self":[{"href":"https:\/\/www.regionalis.shop\/doris-fuchs\/wp-json\/wp\/v2\/product\/1210","targetHints":{"allow":["GET"]}}],"collection":[{"href":"https:\/\/www.regionalis.shop\/doris-fuchs\/wp-json\/wp\/v2\/product"}],"about":[{"href":"https:\/\/www.regionalis.shop\/doris-fuchs\/wp-json\/wp\/v2\/types\/product"}],"wp:featuredmedia":[{"embeddable":true,"href":"https:\/\/www.regionalis.shop\/doris-fuchs\/wp-json\/wp\/v2\/media\/1211"}],"wp:attachment":[{"href":"https:\/\/www.regionalis.shop\/doris-fuchs\/wp-json\/wp\/v2\/media?parent=1210"}],"wp:term":[{"taxonomy":"product_brand","embeddable":true,"href":"https:\/\/www.regionalis.shop\/doris-fuchs\/wp-json\/wp\/v2\/product_brand?post=1210"},{"taxonomy":"product_cat","embeddable":true,"href":"https:\/\/www.regionalis.shop\/doris-fuchs\/wp-json\/wp\/v2\/product_cat?post=1210"},{"taxonomy":"product_tag","embeddable":true,"href":"https:\/\/www.regionalis.shop\/doris-fuchs\/wp-json\/wp\/v2\/product_tag?post=1210"}],"curies":[{"name":"wp","href":"https:\/\/api.w.org\/{rel}","templated":true}]}}