{"id":1222,"date":"2025-04-18T02:47:05","date_gmt":"2025-04-18T00:47:05","guid":{"rendered":"https:\/\/www.regionalis.shop\/doris-fuchs\/product\/ohrhaenger-katze-mit-onyx\/"},"modified":"2025-04-18T02:47:05","modified_gmt":"2025-04-18T00:47:05","slug":"ohrhaenger-katze-mit-onyx","status":"publish","type":"product","link":"https:\/\/www.regionalis.shop\/doris-fuchs\/shop\/ohrhaenger-katze-mit-onyx\/","title":{"rendered":"Ohrh\u00e4nger Katze mit Onyx"},"content":{"rendered":"<p>Ohrh\u00e4nger mit Onyx-Kugel und vorderseitig ausgeformter Katze. R\u00fcckseite nicht ausgeformt.<\/p>\n<p>Mit Edelstahl-Ohrhaken, f\u00fcr Allergiker geeignet.<\/p>\n<p>L\u00e4nge ohne Haken 23mm<\/p>\n","protected":false},"excerpt":{"rendered":"<p>Ohrh\u00e4nger mit Onyx-Kugel und vorderseitig ausgeformter Katze. R\u00fcckseite nicht ausgeformt. Mit Edelstahl-Ohrhaken, f\u00fcr Allergiker geeignet. L\u00e4nge ohne Haken 23mm<\/p>\n","protected":false},"featured_media":1223,"template":"","meta":{"_acf_changed":false},"product_brand":[],"product_cat":[163,70],"product_tag":[],"class_list":{"0":"post-1222","1":"product","2":"type-product","3":"status-publish","4":"has-post-thumbnail","6":"product_cat-ohrringe","7":"product_cat-schmuck","9":"first","10":"instock","11":"purchasable","12":"product-type-simple"},"acf":[],"_links":{"self":[{"href":"https:\/\/www.regionalis.shop\/doris-fuchs\/wp-json\/wp\/v2\/product\/1222","targetHints":{"allow":["GET"]}}],"collection":[{"href":"https:\/\/www.regionalis.shop\/doris-fuchs\/wp-json\/wp\/v2\/product"}],"about":[{"href":"https:\/\/www.regionalis.shop\/doris-fuchs\/wp-json\/wp\/v2\/types\/product"}],"wp:featuredmedia":[{"embeddable":true,"href":"https:\/\/www.regionalis.shop\/doris-fuchs\/wp-json\/wp\/v2\/media\/1223"}],"wp:attachment":[{"href":"https:\/\/www.regionalis.shop\/doris-fuchs\/wp-json\/wp\/v2\/media?parent=1222"}],"wp:term":[{"taxonomy":"product_brand","embeddable":true,"href":"https:\/\/www.regionalis.shop\/doris-fuchs\/wp-json\/wp\/v2\/product_brand?post=1222"},{"taxonomy":"product_cat","embeddable":true,"href":"https:\/\/www.regionalis.shop\/doris-fuchs\/wp-json\/wp\/v2\/product_cat?post=1222"},{"taxonomy":"product_tag","embeddable":true,"href":"https:\/\/www.regionalis.shop\/doris-fuchs\/wp-json\/wp\/v2\/product_tag?post=1222"}],"curies":[{"name":"wp","href":"https:\/\/api.w.org\/{rel}","templated":true}]}}