{"id":1268,"date":"2025-04-18T02:33:31","date_gmt":"2025-04-18T00:33:31","guid":{"rendered":"https:\/\/www.regionalis.shop\/doris-fuchs\/product\/halskette-achat-facettiert\/"},"modified":"2025-04-18T02:33:31","modified_gmt":"2025-04-18T00:33:31","slug":"halskette-achat-facettiert","status":"publish","type":"product","link":"https:\/\/www.regionalis.shop\/doris-fuchs\/shop\/halskette-achat-facettiert\/","title":{"rendered":"Halskette Achat facettiert"},"content":{"rendered":"<p>Halskette Achat facettiert<\/p>\n<p>Diese Halskette wurde aus facettierten Achaten (17x14mm) und Onyx-Kugeln mit einem Durchmesser von etwa 4mm gef\u00e4delt. Ihre Gesamtl\u00e4nge betr\u00e4gt etwa 54cm. <\/p>\n<p>Geschlossen wird diese Halskette durch einen Magnetverschluss.<\/p>\n","protected":false},"excerpt":{"rendered":"<p>Halskette Achat facettiert Diese Halskette wurde aus facettierten Achaten (17x14mm) und Onyx-Kugeln mit einem Durchmesser von etwa 4mm gef\u00e4delt. Ihre Gesamtl\u00e4nge betr\u00e4gt etwa 54cm. Geschlossen wird diese Halskette durch einen Magnetverschluss.<\/p>\n","protected":false},"featured_media":1269,"template":"","meta":{"_acf_changed":false},"product_brand":[],"product_cat":[141,70],"product_tag":[],"class_list":{"0":"post-1268","1":"product","2":"type-product","3":"status-publish","4":"has-post-thumbnail","6":"product_cat-halsketten","7":"product_cat-schmuck","9":"first","10":"instock","11":"purchasable","12":"product-type-simple"},"acf":[],"_links":{"self":[{"href":"https:\/\/www.regionalis.shop\/doris-fuchs\/wp-json\/wp\/v2\/product\/1268","targetHints":{"allow":["GET"]}}],"collection":[{"href":"https:\/\/www.regionalis.shop\/doris-fuchs\/wp-json\/wp\/v2\/product"}],"about":[{"href":"https:\/\/www.regionalis.shop\/doris-fuchs\/wp-json\/wp\/v2\/types\/product"}],"wp:featuredmedia":[{"embeddable":true,"href":"https:\/\/www.regionalis.shop\/doris-fuchs\/wp-json\/wp\/v2\/media\/1269"}],"wp:attachment":[{"href":"https:\/\/www.regionalis.shop\/doris-fuchs\/wp-json\/wp\/v2\/media?parent=1268"}],"wp:term":[{"taxonomy":"product_brand","embeddable":true,"href":"https:\/\/www.regionalis.shop\/doris-fuchs\/wp-json\/wp\/v2\/product_brand?post=1268"},{"taxonomy":"product_cat","embeddable":true,"href":"https:\/\/www.regionalis.shop\/doris-fuchs\/wp-json\/wp\/v2\/product_cat?post=1268"},{"taxonomy":"product_tag","embeddable":true,"href":"https:\/\/www.regionalis.shop\/doris-fuchs\/wp-json\/wp\/v2\/product_tag?post=1268"}],"curies":[{"name":"wp","href":"https:\/\/api.w.org\/{rel}","templated":true}]}}