{"id":1286,"date":"2025-04-18T02:33:31","date_gmt":"2025-04-18T00:33:31","guid":{"rendered":"https:\/\/www.regionalis.shop\/doris-fuchs\/product\/halskette-haematit\/"},"modified":"2025-04-18T02:33:31","modified_gmt":"2025-04-18T00:33:31","slug":"halskette-haematit","status":"publish","type":"product","link":"https:\/\/www.regionalis.shop\/doris-fuchs\/shop\/halskette-haematit\/","title":{"rendered":"Halskette H\u00e4matit"},"content":{"rendered":"<p>H\u00e4matit (Blutstein) \u2013 Halskette<\/p>\n<p>Diese Halskette wurde aus H\u00e4matit-Kugeln mit einem Durchmesser von etwa 9mm und 2mm langen H\u00e4matit-Zwischenst\u00fccken gefertigt. Ihre Gesamtl\u00e4nge betr\u00e4gt etwa 46cm. <\/p>\n<p>Geschlossen wird diese Halskette durch einen Magnetverschluss.<\/p>\n","protected":false},"excerpt":{"rendered":"<p>H\u00e4matit (Blutstein) \u2013 Halskette Diese Halskette wurde aus H\u00e4matit-Kugeln mit einem Durchmesser von etwa 9mm und 2mm langen H\u00e4matit-Zwischenst\u00fccken gefertigt. Ihre Gesamtl\u00e4nge betr\u00e4gt etwa 46cm. Geschlossen wird diese Halskette durch einen Magnetverschluss.<\/p>\n","protected":false},"featured_media":1287,"template":"","meta":{"_acf_changed":false},"product_brand":[],"product_cat":[141,70],"product_tag":[],"class_list":{"0":"post-1286","1":"product","2":"type-product","3":"status-publish","4":"has-post-thumbnail","6":"product_cat-halsketten","7":"product_cat-schmuck","9":"first","10":"instock","11":"purchasable","12":"product-type-simple"},"acf":[],"_links":{"self":[{"href":"https:\/\/www.regionalis.shop\/doris-fuchs\/wp-json\/wp\/v2\/product\/1286","targetHints":{"allow":["GET"]}}],"collection":[{"href":"https:\/\/www.regionalis.shop\/doris-fuchs\/wp-json\/wp\/v2\/product"}],"about":[{"href":"https:\/\/www.regionalis.shop\/doris-fuchs\/wp-json\/wp\/v2\/types\/product"}],"wp:featuredmedia":[{"embeddable":true,"href":"https:\/\/www.regionalis.shop\/doris-fuchs\/wp-json\/wp\/v2\/media\/1287"}],"wp:attachment":[{"href":"https:\/\/www.regionalis.shop\/doris-fuchs\/wp-json\/wp\/v2\/media?parent=1286"}],"wp:term":[{"taxonomy":"product_brand","embeddable":true,"href":"https:\/\/www.regionalis.shop\/doris-fuchs\/wp-json\/wp\/v2\/product_brand?post=1286"},{"taxonomy":"product_cat","embeddable":true,"href":"https:\/\/www.regionalis.shop\/doris-fuchs\/wp-json\/wp\/v2\/product_cat?post=1286"},{"taxonomy":"product_tag","embeddable":true,"href":"https:\/\/www.regionalis.shop\/doris-fuchs\/wp-json\/wp\/v2\/product_tag?post=1286"}],"curies":[{"name":"wp","href":"https:\/\/api.w.org\/{rel}","templated":true}]}}