{"id":1302,"date":"2025-04-18T02:33:01","date_gmt":"2025-04-18T00:33:01","guid":{"rendered":"https:\/\/www.regionalis.shop\/doris-fuchs\/product\/halskette-lapislazuli-bergkristall\/"},"modified":"2025-04-18T02:33:01","modified_gmt":"2025-04-18T00:33:01","slug":"halskette-lapislazuli-bergkristall","status":"publish","type":"product","link":"https:\/\/www.regionalis.shop\/doris-fuchs\/shop\/halskette-lapislazuli-bergkristall\/","title":{"rendered":"Halskette Lapislazuli &#8211; Bergkristall"},"content":{"rendered":"<p>Die Halskette hat eine L\u00e4nge von etwa 47,5cm und hat einen Magnetverschluss.<br \/>\nSie wurde mit Lapislazuli Stein in linsenf\u00f6rmigem Schliff (etwa 1cm Durchmesser 4mm H\u00f6he) und Kugeln aus Bergkristall (Durchmesser 4mm) gef\u00e4delt. <\/p>\n<p>Dieses sportliche Ensemble kann gerne zu Jeans getragen werden, ist aber auch ein Blickfang bei sportlich eleganter Kleidung.<\/p>\n","protected":false},"excerpt":{"rendered":"<p>Die Halskette hat eine L\u00e4nge von etwa 47,5cm und hat einen Magnetverschluss. Sie wurde mit Lapislazuli Stein in linsenf\u00f6rmigem Schliff (etwa 1cm Durchmesser 4mm H\u00f6he) und Kugeln aus Bergkristall (Durchmesser 4mm) gef\u00e4delt. Dieses sportliche Ensemble kann gerne zu Jeans getragen werden, ist aber auch ein Blickfang bei sportlich eleganter Kleidung.<\/p>\n","protected":false},"featured_media":1303,"template":"","meta":{"_acf_changed":false},"product_brand":[],"product_cat":[141,70],"product_tag":[],"class_list":{"0":"post-1302","1":"product","2":"type-product","3":"status-publish","4":"has-post-thumbnail","6":"product_cat-halsketten","7":"product_cat-schmuck","9":"first","10":"instock","11":"purchasable","12":"product-type-simple"},"acf":[],"_links":{"self":[{"href":"https:\/\/www.regionalis.shop\/doris-fuchs\/wp-json\/wp\/v2\/product\/1302","targetHints":{"allow":["GET"]}}],"collection":[{"href":"https:\/\/www.regionalis.shop\/doris-fuchs\/wp-json\/wp\/v2\/product"}],"about":[{"href":"https:\/\/www.regionalis.shop\/doris-fuchs\/wp-json\/wp\/v2\/types\/product"}],"wp:featuredmedia":[{"embeddable":true,"href":"https:\/\/www.regionalis.shop\/doris-fuchs\/wp-json\/wp\/v2\/media\/1303"}],"wp:attachment":[{"href":"https:\/\/www.regionalis.shop\/doris-fuchs\/wp-json\/wp\/v2\/media?parent=1302"}],"wp:term":[{"taxonomy":"product_brand","embeddable":true,"href":"https:\/\/www.regionalis.shop\/doris-fuchs\/wp-json\/wp\/v2\/product_brand?post=1302"},{"taxonomy":"product_cat","embeddable":true,"href":"https:\/\/www.regionalis.shop\/doris-fuchs\/wp-json\/wp\/v2\/product_cat?post=1302"},{"taxonomy":"product_tag","embeddable":true,"href":"https:\/\/www.regionalis.shop\/doris-fuchs\/wp-json\/wp\/v2\/product_tag?post=1302"}],"curies":[{"name":"wp","href":"https:\/\/api.w.org\/{rel}","templated":true}]}}