{"id":1313,"date":"2025-04-18T02:31:48","date_gmt":"2025-04-18T00:31:48","guid":{"rendered":"https:\/\/www.regionalis.shop\/doris-fuchs\/product\/dreieckstuch-in-tuerkis-blautoenen\/"},"modified":"2025-04-18T02:31:48","modified_gmt":"2025-04-18T00:31:48","slug":"dreieckstuch-in-tuerkis-blautoenen","status":"publish","type":"product","link":"https:\/\/www.regionalis.shop\/doris-fuchs\/shop\/dreieckstuch-in-tuerkis-blautoenen\/","title":{"rendered":"Dreieckstuch in T\u00fcrkis-Blaut\u00f6nen"},"content":{"rendered":"<p>Dreieckstuch in T\u00fcrkis-Blaut\u00f6nen<\/p>\n<p>Es ist etwa 194cm lang und hat eine mittige H\u00f6he von 62cm. Dieses Dreieckstuch wurde mit Zacken und Lochmuster gearbeitet. Die verwendete Wolle ist eine pflegeleichte Acrylfaser. Ich empfehle dieses Tuch im Wollprogramm bei niedriger Temperatur oder mit der Hand zu waschen.<\/p>\n","protected":false},"excerpt":{"rendered":"<p>Dreieckstuch in T\u00fcrkis-Blaut\u00f6nen Es ist etwa 194cm lang und hat eine mittige H\u00f6he von 62cm. Dieses Dreieckstuch wurde mit Zacken und Lochmuster gearbeitet. Die verwendete Wolle ist eine pflegeleichte Acrylfaser. Ich empfehle dieses Tuch im Wollprogramm bei niedriger Temperatur oder mit der Hand zu waschen.<\/p>\n","protected":false},"featured_media":1314,"template":"","meta":{"_acf_changed":false},"product_brand":[],"product_cat":[37,67],"product_tag":[],"class_list":{"0":"post-1313","1":"product","2":"type-product","3":"status-publish","4":"has-post-thumbnail","6":"product_cat-accessoires","7":"product_cat-schals-halstuecher","9":"first","10":"instock","11":"purchasable","12":"product-type-simple"},"acf":[],"_links":{"self":[{"href":"https:\/\/www.regionalis.shop\/doris-fuchs\/wp-json\/wp\/v2\/product\/1313","targetHints":{"allow":["GET"]}}],"collection":[{"href":"https:\/\/www.regionalis.shop\/doris-fuchs\/wp-json\/wp\/v2\/product"}],"about":[{"href":"https:\/\/www.regionalis.shop\/doris-fuchs\/wp-json\/wp\/v2\/types\/product"}],"wp:featuredmedia":[{"embeddable":true,"href":"https:\/\/www.regionalis.shop\/doris-fuchs\/wp-json\/wp\/v2\/media\/1314"}],"wp:attachment":[{"href":"https:\/\/www.regionalis.shop\/doris-fuchs\/wp-json\/wp\/v2\/media?parent=1313"}],"wp:term":[{"taxonomy":"product_brand","embeddable":true,"href":"https:\/\/www.regionalis.shop\/doris-fuchs\/wp-json\/wp\/v2\/product_brand?post=1313"},{"taxonomy":"product_cat","embeddable":true,"href":"https:\/\/www.regionalis.shop\/doris-fuchs\/wp-json\/wp\/v2\/product_cat?post=1313"},{"taxonomy":"product_tag","embeddable":true,"href":"https:\/\/www.regionalis.shop\/doris-fuchs\/wp-json\/wp\/v2\/product_tag?post=1313"}],"curies":[{"name":"wp","href":"https:\/\/api.w.org\/{rel}","templated":true}]}}