{"id":1345,"date":"2025-04-18T02:30:57","date_gmt":"2025-04-18T00:30:57","guid":{"rendered":"https:\/\/www.regionalis.shop\/doris-fuchs\/product\/ohrhaenger-karneol-rot-mit-bergkristall\/"},"modified":"2025-04-18T02:30:57","modified_gmt":"2025-04-18T00:30:57","slug":"ohrhaenger-karneol-rot-mit-bergkristall","status":"publish","type":"product","link":"https:\/\/www.regionalis.shop\/doris-fuchs\/shop\/ohrhaenger-karneol-rot-mit-bergkristall\/","title":{"rendered":"Ohrh\u00e4nger Karneol rot mit Bergkristall"},"content":{"rendered":"<p>Edelstein-Ohrh\u00e4nger mit rotem Karneol und Bergkristall.  <\/p>\n<p>Auf Wunsch k\u00f6nnen f\u00fcr Allergiker auch Edelstahl-Ohrhaken montiert werden.<\/p>\n<p>L\u00e4nge ohne Haken 16mm<\/p>\n","protected":false},"excerpt":{"rendered":"<p>Edelstein-Ohrh\u00e4nger mit rotem Karneol und Bergkristall. Auf Wunsch k\u00f6nnen f\u00fcr Allergiker auch Edelstahl-Ohrhaken montiert werden. L\u00e4nge ohne Haken 16mm<\/p>\n","protected":false},"featured_media":1346,"template":"","meta":{"_acf_changed":false},"product_brand":[],"product_cat":[163,70],"product_tag":[],"class_list":{"0":"post-1345","1":"product","2":"type-product","3":"status-publish","4":"has-post-thumbnail","6":"product_cat-ohrringe","7":"product_cat-schmuck","9":"first","10":"instock","11":"purchasable","12":"product-type-simple"},"acf":[],"_links":{"self":[{"href":"https:\/\/www.regionalis.shop\/doris-fuchs\/wp-json\/wp\/v2\/product\/1345","targetHints":{"allow":["GET"]}}],"collection":[{"href":"https:\/\/www.regionalis.shop\/doris-fuchs\/wp-json\/wp\/v2\/product"}],"about":[{"href":"https:\/\/www.regionalis.shop\/doris-fuchs\/wp-json\/wp\/v2\/types\/product"}],"wp:featuredmedia":[{"embeddable":true,"href":"https:\/\/www.regionalis.shop\/doris-fuchs\/wp-json\/wp\/v2\/media\/1346"}],"wp:attachment":[{"href":"https:\/\/www.regionalis.shop\/doris-fuchs\/wp-json\/wp\/v2\/media?parent=1345"}],"wp:term":[{"taxonomy":"product_brand","embeddable":true,"href":"https:\/\/www.regionalis.shop\/doris-fuchs\/wp-json\/wp\/v2\/product_brand?post=1345"},{"taxonomy":"product_cat","embeddable":true,"href":"https:\/\/www.regionalis.shop\/doris-fuchs\/wp-json\/wp\/v2\/product_cat?post=1345"},{"taxonomy":"product_tag","embeddable":true,"href":"https:\/\/www.regionalis.shop\/doris-fuchs\/wp-json\/wp\/v2\/product_tag?post=1345"}],"curies":[{"name":"wp","href":"https:\/\/api.w.org\/{rel}","templated":true}]}}