{"id":1353,"date":"2025-04-18T02:30:57","date_gmt":"2025-04-18T00:30:57","guid":{"rendered":"https:\/\/www.regionalis.shop\/doris-fuchs\/product\/ohrhaenger-einhorn-mit-tigerauge\/"},"modified":"2025-04-18T02:30:57","modified_gmt":"2025-04-18T00:30:57","slug":"ohrhaenger-einhorn-mit-tigerauge","status":"publish","type":"product","link":"https:\/\/www.regionalis.shop\/doris-fuchs\/shop\/ohrhaenger-einhorn-mit-tigerauge\/","title":{"rendered":"Ohrh\u00e4nger Einhorn mit Tigerauge"},"content":{"rendered":"<p>Edelstein-Ohrh\u00e4nger mit Tigerauge-Herz, Blaufluss-Kugel und Einhorn-Anh\u00e4nger.  <\/p>\n<p>Auf Wunsch k\u00f6nnen f\u00fcr Allergiker auch Edelstahl-Ohrhaken montiert werden.<\/p>\n<p>L\u00e4nge ohne Haken 25mm<\/p>\n","protected":false},"excerpt":{"rendered":"<p>Edelstein-Ohrh\u00e4nger mit Tigerauge-Herz, Blaufluss-Kugel und Einhorn-Anh\u00e4nger. Auf Wunsch k\u00f6nnen f\u00fcr Allergiker auch Edelstahl-Ohrhaken montiert werden. L\u00e4nge ohne Haken 25mm<\/p>\n","protected":false},"featured_media":1354,"template":"","meta":{"_acf_changed":false},"product_brand":[],"product_cat":[163,70],"product_tag":[],"class_list":{"0":"post-1353","1":"product","2":"type-product","3":"status-publish","4":"has-post-thumbnail","6":"product_cat-ohrringe","7":"product_cat-schmuck","9":"first","10":"instock","11":"purchasable","12":"product-type-simple"},"acf":[],"_links":{"self":[{"href":"https:\/\/www.regionalis.shop\/doris-fuchs\/wp-json\/wp\/v2\/product\/1353","targetHints":{"allow":["GET"]}}],"collection":[{"href":"https:\/\/www.regionalis.shop\/doris-fuchs\/wp-json\/wp\/v2\/product"}],"about":[{"href":"https:\/\/www.regionalis.shop\/doris-fuchs\/wp-json\/wp\/v2\/types\/product"}],"wp:featuredmedia":[{"embeddable":true,"href":"https:\/\/www.regionalis.shop\/doris-fuchs\/wp-json\/wp\/v2\/media\/1354"}],"wp:attachment":[{"href":"https:\/\/www.regionalis.shop\/doris-fuchs\/wp-json\/wp\/v2\/media?parent=1353"}],"wp:term":[{"taxonomy":"product_brand","embeddable":true,"href":"https:\/\/www.regionalis.shop\/doris-fuchs\/wp-json\/wp\/v2\/product_brand?post=1353"},{"taxonomy":"product_cat","embeddable":true,"href":"https:\/\/www.regionalis.shop\/doris-fuchs\/wp-json\/wp\/v2\/product_cat?post=1353"},{"taxonomy":"product_tag","embeddable":true,"href":"https:\/\/www.regionalis.shop\/doris-fuchs\/wp-json\/wp\/v2\/product_tag?post=1353"}],"curies":[{"name":"wp","href":"https:\/\/api.w.org\/{rel}","templated":true}]}}