{"id":1367,"date":"2025-04-18T02:30:36","date_gmt":"2025-04-18T00:30:36","guid":{"rendered":"https:\/\/www.regionalis.shop\/doris-fuchs\/product\/ohrhaenger-haematit\/"},"modified":"2025-04-18T02:30:36","modified_gmt":"2025-04-18T00:30:36","slug":"ohrhaenger-haematit","status":"publish","type":"product","link":"https:\/\/www.regionalis.shop\/doris-fuchs\/shop\/ohrhaenger-haematit\/","title":{"rendered":"Ohrh\u00e4nger H\u00e4matit"},"content":{"rendered":"<p>Edelstein-Ohrh\u00e4nger aus 3 H\u00e4matit-(Blutstein)-Komponenten.  <\/p>\n<p>Auf Wunsch k\u00f6nnen f\u00fcr Allergiker auch Edelstahl-Ohrhaken montiert werden.<\/p>\n<p>L\u00e4nge ohne Haken 20mm<\/p>\n","protected":false},"excerpt":{"rendered":"<p>Edelstein-Ohrh\u00e4nger aus 3 H\u00e4matit-(Blutstein)-Komponenten. Auf Wunsch k\u00f6nnen f\u00fcr Allergiker auch Edelstahl-Ohrhaken montiert werden. L\u00e4nge ohne Haken 20mm<\/p>\n","protected":false},"featured_media":1368,"template":"","meta":{"_acf_changed":false},"product_brand":[],"product_cat":[163,70],"product_tag":[],"class_list":{"0":"post-1367","1":"product","2":"type-product","3":"status-publish","4":"has-post-thumbnail","6":"product_cat-ohrringe","7":"product_cat-schmuck","9":"first","10":"instock","11":"purchasable","12":"product-type-simple"},"acf":[],"_links":{"self":[{"href":"https:\/\/www.regionalis.shop\/doris-fuchs\/wp-json\/wp\/v2\/product\/1367","targetHints":{"allow":["GET"]}}],"collection":[{"href":"https:\/\/www.regionalis.shop\/doris-fuchs\/wp-json\/wp\/v2\/product"}],"about":[{"href":"https:\/\/www.regionalis.shop\/doris-fuchs\/wp-json\/wp\/v2\/types\/product"}],"wp:featuredmedia":[{"embeddable":true,"href":"https:\/\/www.regionalis.shop\/doris-fuchs\/wp-json\/wp\/v2\/media\/1368"}],"wp:attachment":[{"href":"https:\/\/www.regionalis.shop\/doris-fuchs\/wp-json\/wp\/v2\/media?parent=1367"}],"wp:term":[{"taxonomy":"product_brand","embeddable":true,"href":"https:\/\/www.regionalis.shop\/doris-fuchs\/wp-json\/wp\/v2\/product_brand?post=1367"},{"taxonomy":"product_cat","embeddable":true,"href":"https:\/\/www.regionalis.shop\/doris-fuchs\/wp-json\/wp\/v2\/product_cat?post=1367"},{"taxonomy":"product_tag","embeddable":true,"href":"https:\/\/www.regionalis.shop\/doris-fuchs\/wp-json\/wp\/v2\/product_tag?post=1367"}],"curies":[{"name":"wp","href":"https:\/\/api.w.org\/{rel}","templated":true}]}}